{"id":11064,"date":"2014-12-09T22:13:19","date_gmt":"2014-12-09T21:13:19","guid":{"rendered":"http:\/\/aquasapiens.fr\/aqua\/?page_id=11064"},"modified":"2025-02-27T19:27:45","modified_gmt":"2025-02-27T18:27:45","slug":"limage","status":"publish","type":"page","link":"http:\/\/aquasapiens.fr\/aqua\/limage\/","title":{"rendered":"S\u00e9bastien Thi\u00e9bot- Auteur, R\u00e9alisateur, Chef op\u00e9rateur"},"content":{"rendered":"<p><div class=\"fusion-fullwidth fullwidth-box fusion-builder-row-1 hundred-percent-fullwidth non-hundred-percent-height-scrolling fusion-equal-height-columns\" style=\"--awb-border-radius-top-left:0px;--awb-border-radius-top-right:0px;--awb-border-radius-bottom-right:0px;--awb-border-radius-bottom-left:0px;--awb-padding-right:0px;--awb-padding-left:0px;--awb-flex-wrap:wrap;\" ><div class=\"fusion-builder-row fusion-row\"><div class=\"fusion-layout-column fusion_builder_column fusion-builder-column-0 fusion_builder_column_2_5 2_5 fusion-two-fifth fusion-column-first\" style=\"--awb-bg-blend:overlay;--awb-bg-size:cover;width:37.6%; margin-right: 4%;\"><div class=\"fusion-column-wrapper fusion-flex-column-wrapper-legacy\"><div class=\"fusion-slider-sc fusion-flexslider-loading flexslider flexslider-hover-type-none\" data-slideshow_autoplay=\"1\" data-slideshow_smooth_height=\"1\" data-slideshow_speed=\"6000\" style=\"max-width:100%;height:100%;\"><ul class=\"slides\"><li class=\"image\"><span class=\"fusion-image-hover-element hover-type-none\"><img decoding=\"async\" src=\"http:\/\/aquasapiens.fr\/aqua\/wp-content\/uploads\/2015\/01\/Creach1.jpg\" width=\"1000\" height=\"563\" \/><\/span><\/li><li class=\"image\"><span class=\"fusion-image-hover-element hover-type-none\"><img decoding=\"async\" src=\"http:\/\/aquasapiens.fr\/aqua\/wp-content\/uploads\/2014\/12\/6Grue-e1418893944439.jpg\" width=\"1500\" height=\"843\" \/><\/span><\/li><li class=\"image\"><span class=\"fusion-image-hover-element hover-type-none\"><img decoding=\"async\" src=\"http:\/\/aquasapiens.fr\/aqua\/wp-content\/uploads\/2015\/07\/DSC01673.jpg\" width=\"1000\" height=\"564\" \/><\/span><\/li><li class=\"image\"><span class=\"fusion-image-hover-element hover-type-none\"><img decoding=\"async\" src=\"http:\/\/aquasapiens.fr\/aqua\/wp-content\/uploads\/2014\/12\/05tortueayauh1-e1418894461398.jpg\" width=\"894\" height=\"502\" \/><\/span><\/li><\/ul><\/div><div class=\"fusion-clearfix\"><\/div><\/div><\/div><div class=\"fusion-layout-column fusion_builder_column fusion-builder-column-1 fusion_builder_column_1_2 1_2 fusion-one-half\" style=\"--awb-bg-blend:overlay;--awb-bg-size:cover;\"><div class=\"fusion-column-wrapper fusion-flex-column-wrapper-legacy\"><style type='text\/css'>.reading-box-container-1 .element-bottomshadow:before,.reading-box-container-1 .element-bottomshadow:after{opacity:0.7;}<\/style><div class=\"fusion-reading-box-container reading-box-container-1\" style=\"--awb-title-color:#333333;--awb-margin-top:0px;--awb-margin-bottom:84px;\"><div class=\"reading-box\" style=\"background-color:#f6f6f6;border-width:1px;border-color:#f6f6f6;border-top-width:3px;border-top-color:var(--primary_color);border-style:solid;\"><div class=\"reading-box-additional\">\n<h3 class=\"fusion-responsive-typography-calculated\" style=\"text-align: justify; --fontsize: 16; line-height: 1.5; --minfontsize: 16;\" data-fontsize=\"16\" data-lineheight=\"24px\"><span class=\"fusion-dropcap dropcap\" style=\"--awb-color:#1e73be;\">S<\/span>S\u00e9bastien Thi\u00e9bot, co-fondateur d\u2019Aqua Sapiens, est auteur-r\u00e9alisateur de documentaires et de magazines. Longtemps chef op\u00e9rateur reconnu pour de nombreuses cha\u00eenes fran\u00e7aises, il se consacre aujourd\u2019hui \u00e0 l\u2019\u00e9criture et \u00e0 la r\u00e9alisation de ses propres films. Ses documentaires traitent souvent de la mer, de la science et de l\u2019environnement.<\/h3>\n<\/div><div class=\"fusion-clearfix\"><\/div><\/div><\/div><div class=\"fusion-clearfix\"><\/div><\/div><\/div><\/div><\/div><div class=\"fusion-fullwidth fullwidth-box fusion-builder-row-2 hundred-percent-fullwidth non-hundred-percent-height-scrolling\" style=\"--awb-border-radius-top-left:0px;--awb-border-radius-top-right:0px;--awb-border-radius-bottom-right:0px;--awb-border-radius-bottom-left:0px;--awb-overflow:visible;--awb-padding-right:20px;--awb-padding-left:20px;--awb-flex-wrap:wrap;\" ><div class=\"fusion-builder-row fusion-row\"><div class=\"fusion-layout-column fusion_builder_column fusion-builder-column-2 fusion_builder_column_1_1 1_1 fusion-one-full fusion-column-first fusion-column-last\" style=\"--awb-bg-size:cover;\"><div class=\"fusion-column-wrapper fusion-column-has-shadow fusion-flex-column-wrapper-legacy\"><div class=\"fusion-title title fusion-title-1 fusion-title-text fusion-title-size-one\"><h1 class=\"fusion-title-heading title-heading-left\" style=\"margin:0;\">R\u00e9alisations<\/h1><span class=\"awb-title-spacer\"><\/span><div class=\"title-sep-container\"><div class=\"title-sep sep-double sep-solid\" style=\"border-color:#e0dede;\"><\/div><\/div><\/div><ul style=\"--awb-line-height:23.8px;--awb-icon-width:23.8px;--awb-icon-height:23.8px;--awb-icon-margin:9.8px;--awb-content-margin:33.6px;--awb-circlecolor:#1a80b6;--awb-circle-yes-font-size:12.32px;\" class=\"fusion-checklist fusion-checklist-1 fusion-checklist-default type-icons\"><li class=\"fusion-li-item\" style=\"\"><span class=\"icon-wrapper circle-yes\"><i class=\"fusion-li-icon fa-child fas\" aria-hidden=\"true\"><\/i><\/span><div class=\"fusion-li-item-content\">\n<p>France 3 Littoral, <strong>Jour de Grande Mar\u00e9e,<\/strong> 26 min, 2024<\/p>\n<\/div><\/li><li class=\"fusion-li-item\" style=\"\"><span class=\"icon-wrapper circle-yes\"><i class=\"fusion-li-icon fa-child fas\" aria-hidden=\"true\"><\/i><\/span><div class=\"fusion-li-item-content\">\n<p>France 3 Littoral, <strong>Aux sciences citoyens!<\/strong>, 26 min, 2024<\/p>\n<\/div><\/li><li class=\"fusion-li-item\" style=\"\"><span class=\"icon-wrapper circle-yes\"><i class=\"fusion-li-icon fa-child fas\" aria-hidden=\"true\"><\/i><\/span><div class=\"fusion-li-item-content\">\n<p>France 3, <strong>Lilith et le Minotaure<\/strong>, 26 min, 2024<\/p>\n<\/div><\/li><li class=\"fusion-li-item\" style=\"\"><span class=\"icon-wrapper circle-yes\"><i class=\"fusion-li-icon fa-child fas\" aria-hidden=\"true\"><\/i><\/span><div class=\"fusion-li-item-content\">\n<p>France 3, <strong>Escale \u00e0 S\u00e8te<\/strong>, 26 min, 2023<\/p>\n<\/div><\/li><li class=\"fusion-li-item\" style=\"\"><span class=\"icon-wrapper circle-yes\"><i class=\"fusion-li-icon fa-video fas\" aria-hidden=\"true\"><\/i><\/span><div class=\"fusion-li-item-content\">France 5, France O, <strong>Wallis et Futuna, aux fronti\u00e8res de la mer<\/strong>, 52 min, 2023<\/div><\/li><li class=\"fusion-li-item\" style=\"\"><span class=\"icon-wrapper circle-yes\"><i class=\"fusion-li-icon fa-video fas\" aria-hidden=\"true\"><\/i><\/span><div class=\"fusion-li-item-content\">\n<p>France 3, <strong>Le voyage d&rsquo;une goutte d&rsquo;eau<\/strong>, 13 min, 2023<\/p>\n<\/div><\/li><li class=\"fusion-li-item\" style=\"\"><span class=\"icon-wrapper circle-yes\"><i class=\"fusion-li-icon fa-video fas\" aria-hidden=\"true\"><\/i><\/span><div class=\"fusion-li-item-content\">\n<p>France 3, <strong>Invasion marine, le poulpe<\/strong>, 13 min, 2023<\/p>\n<\/div><\/li><li class=\"fusion-li-item\" style=\"\"><span class=\"icon-wrapper circle-yes\"><i class=\"fusion-li-icon fa-archway fas\" aria-hidden=\"true\"><\/i><\/span><div class=\"fusion-li-item-content\">\n<p>Oceanopolis, MNHN, <strong>Lumi\u00e8re sous les pontons<\/strong>, 13 min, 2022<\/p>\n<\/div><\/li><li class=\"fusion-li-item\" style=\"\"><span class=\"icon-wrapper circle-yes\"><i class=\"fusion-li-icon fa-child fas\" aria-hidden=\"true\"><\/i><\/span><div class=\"fusion-li-item-content\">\n<p>France O, <strong>Aux rythmes d&rsquo;un No\u00ebl antillais<\/strong>, 90 min, 2019<\/p>\n<\/div><\/li><li class=\"fusion-li-item\" style=\"\"><span class=\"icon-wrapper circle-yes\"><i class=\"fusion-li-icon fa-video fas\" aria-hidden=\"true\"><\/i><\/span><div class=\"fusion-li-item-content\">\n<p>France O, <strong>Antilles, les joyaux de l&rsquo;Atlantique<\/strong>, 90 min, 2019<\/p>\n<\/div><\/li><\/ul><div class=\"fusion-clearfix\"><\/div><\/div><\/div><div class=\"fusion-layout-column fusion_builder_column fusion-builder-column-3 fusion_builder_column_1_1 1_1 fusion-one-full fusion-column-first fusion-column-last fusion-column-no-min-height\" style=\"--awb-bg-blend:overlay;--awb-bg-size:cover;--awb-margin-bottom:0px;\"><div class=\"fusion-column-wrapper fusion-flex-column-wrapper-legacy\"><div class=\"fusion-text fusion-text-1\"><h1 style=\"text-align: center;\">Les projets de coeur<\/h1>\n<\/div><div class=\"fusion-clearfix\"><\/div><\/div><\/div><div class=\"fusion-layout-column fusion_builder_column fusion-builder-column-4 fusion_builder_column_1_4 1_4 fusion-one-fourth fusion-column-first\" style=\"--awb-bg-blend:overlay;--awb-bg-size:cover;width:22%; margin-right: 4%;\"><div class=\"fusion-column-wrapper fusion-flex-column-wrapper-legacy\"><div class=\"fusion-flip-boxes flip-boxes row fusion-columns-2 flip-effect-classic equal-heights\"><div class=\"fusion-flip-box-wrapper fusion-column col-lg-6 col-md-6 col-sm-6\"><div class=\"fusion-flip-box flip-right\" tabindex=\"0\"><div class=\"flip-box-inner-wrapper\"><div class=\"flip-box-front\" style=\"--awb-border-size:1px;--awb-border-radius:4px;--awb-background-color-front:#98bc96;\"><div class=\"flip-box-front-inner\"><h2 class=\"flip-box-heading\">Le projet Symbiose<\/h2>6 mois de tournage en Indon\u00e9sie en 2009<\/div><\/div><div class=\"flip-box-back\" style=\"--awb-border-size:1px;--awb-border-radius:4px;\"><div class=\"flip-box-back-inner\">\n<p><a href=\"http:\/\/aquasapiens.fr\/aqua\/le-projet-symbiose\/\"><img decoding=\"async\" class=\"alignnone size-thumbnail wp-image-144\" src=\"http:\/\/aquasapiens.fr\/aqua\/wp-content\/uploads\/2014\/11\/vcomporajaampat-150x112.png\" alt=\"vcomporajaampat\" width=\"150\" height=\"112\" \/><\/a><\/p>\n<\/div><\/div><\/div><\/div><\/div><div class=\"fusion-flip-box-wrapper fusion-column col-lg-6 col-md-6 col-sm-6\"><div class=\"fusion-flip-box flip-right\" tabindex=\"0\"><div class=\"flip-box-inner-wrapper\"><div class=\"flip-box-front\"><div class=\"flip-box-front-inner\"><h2 class=\"flip-box-heading\">Portfolio image<\/h2>R\u00e9f\u00e9rences de tournage<\/div><\/div><div class=\"flip-box-back\"><div class=\"flip-box-back-inner\">\n<p><a href=\"https:\/\/aquasapiens.fr\/aqua\/portfoliosebthiebot\/\"><img decoding=\"async\" class=\"alignnone wp-image-12513 size-medium\" src=\"http:\/\/aquasapiens.fr\/aqua\/wp-content\/uploads\/2023\/12\/323868659_1505155526629503_5123195570586522081_n-300x199.jpg\" alt=\"\" width=\"300\" height=\"199\" srcset=\"http:\/\/aquasapiens.fr\/aqua\/wp-content\/uploads\/2023\/12\/323868659_1505155526629503_5123195570586522081_n-150x100.jpg 150w, http:\/\/aquasapiens.fr\/aqua\/wp-content\/uploads\/2023\/12\/323868659_1505155526629503_5123195570586522081_n-200x133.jpg 200w, http:\/\/aquasapiens.fr\/aqua\/wp-content\/uploads\/2023\/12\/323868659_1505155526629503_5123195570586522081_n-300x199.jpg 300w, http:\/\/aquasapiens.fr\/aqua\/wp-content\/uploads\/2023\/12\/323868659_1505155526629503_5123195570586522081_n-400x266.jpg 400w, http:\/\/aquasapiens.fr\/aqua\/wp-content\/uploads\/2023\/12\/323868659_1505155526629503_5123195570586522081_n-600x398.jpg 600w, http:\/\/aquasapiens.fr\/aqua\/wp-content\/uploads\/2023\/12\/323868659_1505155526629503_5123195570586522081_n-768x510.jpg 768w, http:\/\/aquasapiens.fr\/aqua\/wp-content\/uploads\/2023\/12\/323868659_1505155526629503_5123195570586522081_n-800x531.jpg 800w, http:\/\/aquasapiens.fr\/aqua\/wp-content\/uploads\/2023\/12\/323868659_1505155526629503_5123195570586522081_n.jpg 1000w, http:\/\/aquasapiens.fr\/aqua\/wp-content\/uploads\/2023\/12\/323868659_1505155526629503_5123195570586522081_n-1024x680.jpg 1024w, http:\/\/aquasapiens.fr\/aqua\/wp-content\/uploads\/2023\/12\/323868659_1505155526629503_5123195570586522081_n-1200x797.jpg 1200w, http:\/\/aquasapiens.fr\/aqua\/wp-content\/uploads\/2023\/12\/323868659_1505155526629503_5123195570586522081_n-1536x1020.jpg 1536w\" sizes=\"(max-width: 300px) 100vw, 300px\" \/><\/a><\/p>\n<\/div><\/div><\/div><\/div><\/div><\/div><div class=\"clearfix\"><\/div><div class=\"fusion-clearfix\"><\/div><\/div><\/div><\/div><\/div><div class=\"fusion-fullwidth fullwidth-box fusion-builder-row-3 fusion-flex-container has-pattern-background has-mask-background nonhundred-percent-fullwidth non-hundred-percent-height-scrolling\" style=\"--awb-border-radius-top-left:0px;--awb-border-radius-top-right:0px;--awb-border-radius-bottom-right:0px;--awb-border-radius-bottom-left:0px;--awb-flex-wrap:wrap;\" ><div class=\"fusion-builder-row fusion-row fusion-flex-align-items-flex-start fusion-flex-content-wrap\" style=\"max-width:1664px;margin-left: calc(-4% \/ 2 );margin-right: calc(-4% \/ 2 );\"><\/div><\/div><\/p>\n","protected":false},"excerpt":{"rendered":"","protected":false},"author":1,"featured_media":0,"parent":0,"menu_order":0,"comment_status":"closed","ping_status":"open","template":"100-width.php","meta":{"footnotes":""},"class_list":["post-11064","page","type-page","status-publish","hentry"],"_links":{"self":[{"href":"http:\/\/aquasapiens.fr\/aqua\/wp-json\/wp\/v2\/pages\/11064","targetHints":{"allow":["GET"]}}],"collection":[{"href":"http:\/\/aquasapiens.fr\/aqua\/wp-json\/wp\/v2\/pages"}],"about":[{"href":"http:\/\/aquasapiens.fr\/aqua\/wp-json\/wp\/v2\/types\/page"}],"author":[{"embeddable":true,"href":"http:\/\/aquasapiens.fr\/aqua\/wp-json\/wp\/v2\/users\/1"}],"replies":[{"embeddable":true,"href":"http:\/\/aquasapiens.fr\/aqua\/wp-json\/wp\/v2\/comments?post=11064"}],"version-history":[{"count":137,"href":"http:\/\/aquasapiens.fr\/aqua\/wp-json\/wp\/v2\/pages\/11064\/revisions"}],"predecessor-version":[{"id":12529,"href":"http:\/\/aquasapiens.fr\/aqua\/wp-json\/wp\/v2\/pages\/11064\/revisions\/12529"}],"wp:attachment":[{"href":"http:\/\/aquasapiens.fr\/aqua\/wp-json\/wp\/v2\/media?parent=11064"}],"curies":[{"name":"wp","href":"https:\/\/api.w.org\/{rel}","templated":true}]}}