{"id":11090,"date":"2014-12-14T15:21:15","date_gmt":"2014-12-14T14:21:15","guid":{"rendered":"http:\/\/aquasapiens.fr\/aqua\/?page_id=11090"},"modified":"2017-05-15T20:58:22","modified_gmt":"2017-05-15T19:58:22","slug":"le-son","status":"publish","type":"page","link":"http:\/\/aquasapiens.fr\/aqua\/le-son\/","title":{"rendered":"Le son"},"content":{"rendered":"<p><div class=\"fusion-fullwidth fullwidth-box fusion-builder-row-1 nonhundred-percent-fullwidth non-hundred-percent-height-scrolling fusion-equal-height-columns\" style=\"--awb-background-position:left top;--awb-border-radius-top-left:0px;--awb-border-radius-top-right:0px;--awb-border-radius-bottom-right:0px;--awb-border-radius-bottom-left:0px;--awb-padding-top:0px;--awb-padding-right:0px;--awb-padding-bottom:0px;--awb-padding-left:0px;--awb-background-color:no;--awb-border-sizes-top:0px;--awb-border-sizes-bottom:0px;--awb-flex-wrap:wrap;\" ><div class=\"fusion-builder-row fusion-row\"><div class=\"fusion-layout-column fusion_builder_column fusion-builder-column-0 fusion_builder_column_2_5 2_5 fusion-two-fifth fusion-column-first\" style=\"--awb-bg-size:cover;width:37.6%; margin-right: 4%;\"><div class=\"fusion-column-wrapper fusion-flex-column-wrapper-legacy\"><div class=\"fusion-slider-sc fusion-flexslider-loading flexslider flexslider-hover-type-none\" data-slideshow_autoplay=\"1\" data-slideshow_smooth_height=\"1\" data-slideshow_speed=\"6000\" style=\"max-width:100%;height:100%;\"><ul class=\"slides\"><li class=\"image\"><span class=\"fusion-image-hover-element hover-type-none\"><img decoding=\"async\" src=\"http:\/\/aquasapiens.fr\/aqua\/wp-content\/uploads\/2014\/12\/Pierreelephant.jpg\" width=\"1920\" height=\"1080\" \/><\/span><\/li><li class=\"image\"><span class=\"fusion-image-hover-element hover-type-none\"><img decoding=\"async\" src=\"http:\/\/aquasapiens.fr\/aqua\/wp-content\/uploads\/2014\/12\/Prise-de-son-littorale-e1420717152565.jpg\" width=\"719\" height=\"404\" \/><\/span><\/li><li class=\"image\"><span class=\"fusion-image-hover-element hover-type-none\"><img decoding=\"async\" src=\"http:\/\/aquasapiens.fr\/aqua\/wp-content\/uploads\/2014\/12\/PierreBrest.jpg\" width=\"1000\" height=\"563\" \/><\/span><\/li><li class=\"image\"><span class=\"fusion-image-hover-element hover-type-none\"><img decoding=\"async\" src=\"http:\/\/aquasapiens.fr\/aqua\/wp-content\/uploads\/2014\/12\/Gast-de-Pauline-Goasmat-2-e1420717201362.jpg\" width=\"866\" height=\"487\" \/><\/span><\/li><\/ul><\/div><div class=\"fusion-clearfix\"><\/div><\/div><\/div><div class=\"fusion-layout-column fusion_builder_column fusion-builder-column-1 fusion_builder_column_1_2 1_2 fusion-one-half\" style=\"--awb-bg-size:cover;\"><div class=\"fusion-column-wrapper fusion-flex-column-wrapper-legacy\"><style type='text\/css'>.reading-box-container-1 .element-bottomshadow:before,.reading-box-container-1 .element-bottomshadow:after{opacity:0.7;}<\/style><div class=\"fusion-reading-box-container reading-box-container-1\" style=\"--awb-title-color:#333333;--awb-margin-top:0px;--awb-margin-bottom:84px;\"><div class=\"reading-box\" style=\"background-color:#f6f6f6;border-width:1px;border-color:#f6f6f6;border-top-width:3px;border-top-color:var(--primary_color);border-style:solid;\"><div class=\"reading-box-additional\">\n<h3 style=\"text-align: justify;\">Pierre A. Vivet, co-fondateur d&rsquo;Aqua Sapiens, est l&rsquo;ing\u00e9nieur du son de l&rsquo;\u00e9quipe.<br \/>\nDepuis plus de vingt ans et sous toutes les latitudes, il r\u00e9alise les enregistrements de terrain, les montages son et les mixages des films, en fiction, en documentaire et en reportage pour la t\u00e9l\u00e9vision et le cin\u00e9ma.<br \/>\nSous l&rsquo;eau il intervient en tant qu&rsquo;\u00e9clairagiste sous-marin.<\/h3>\n<\/div><div class=\"fusion-clearfix\"><\/div><\/div><\/div><div class=\"fusion-clearfix\"><\/div><\/div><\/div><\/div><\/div><div class=\"fusion-fullwidth fullwidth-box fusion-builder-row-2 nonhundred-percent-fullwidth non-hundred-percent-height-scrolling fusion-equal-height-columns\" style=\"--awb-background-position:left top;--awb-border-radius-top-left:0px;--awb-border-radius-top-right:0px;--awb-border-radius-bottom-right:0px;--awb-border-radius-bottom-left:0px;--awb-padding-top:0px;--awb-padding-right:0px;--awb-padding-bottom:0px;--awb-padding-left:0px;--awb-background-color:no;--awb-border-sizes-top:0px;--awb-border-sizes-bottom:0px;--awb-flex-wrap:wrap;\" ><div class=\"fusion-builder-row fusion-row\"><div class=\"fusion-layout-column fusion_builder_column fusion-builder-column-2 fusion_builder_column_1_1 1_1 fusion-one-full fusion-column-first fusion-column-last fusion-column-no-min-height\" style=\"--awb-bg-size:cover;--awb-margin-bottom:0px;\"><div class=\"fusion-column-wrapper fusion-flex-column-wrapper-legacy\"><div class=\"fusion-text fusion-text-1\"><h1 style=\"text-align: center;\">Le travail du son dans sa globalit\u00e9<\/h1>\n<\/div><div class=\"fusion-clearfix\"><\/div><\/div><\/div><div class=\"fusion-layout-column fusion_builder_column fusion-builder-column-3 fusion_builder_column_1_3 1_3 fusion-one-third fusion-column-first\" style=\"--awb-padding-top:10px;--awb-padding-right:10px;--awb-padding-bottom:10px;--awb-padding-left:10px;--awb-bg-color:#f2f2f2;--awb-bg-color-hover:#f2f2f2;--awb-bg-size:cover;width:30.6666%; margin-right: 4%;\"><div class=\"fusion-column-wrapper fusion-flex-column-wrapper-legacy\"><div class=\"fusion-text fusion-text-2\"><p><a href=\"http:\/\/aquasapiens.fr\/aqua\/wp-content\/uploads\/2014\/12\/Pastorale-dOriane-Polack-2.jpg\"><img decoding=\"async\" class=\"alignnone wp-image-11414 size-full\" src=\"http:\/\/aquasapiens.fr\/aqua\/wp-content\/uploads\/2014\/12\/Pastorale-dOriane-Polack-2-e1420716888197.jpg\" alt=\"\" width=\"955\" height=\"540\" srcset=\"http:\/\/aquasapiens.fr\/aqua\/wp-content\/uploads\/2014\/12\/Pastorale-dOriane-Polack-2-e1420716888197-300x170.jpg 300w, http:\/\/aquasapiens.fr\/aqua\/wp-content\/uploads\/2014\/12\/Pastorale-dOriane-Polack-2-e1420716888197.jpg 955w\" sizes=\"(max-width: 955px) 100vw, 955px\" \/><\/a><\/p>\n<h2>Prise de son<\/h2>\n<p><span style=\"font-family: Arimo, sans-serif;\">En d\u00e9cor naturel ou en auditorium, Pierre r\u00e9alise tous type d&rsquo;enregistrements sonores, en monophonie comme en multicanal.<br \/>\n<\/span>Il tourne des fictions et des documentaires, pour le cin\u00e9ma et la t\u00e9l\u00e9vision en adaptant le mat\u00e9riel \u00e0 l&rsquo;environnement et aux contraintes du tournage.<\/p>\n<\/div><div class=\"fusion-clearfix\"><\/div><\/div><\/div><div class=\"fusion-layout-column fusion_builder_column fusion-builder-column-4 fusion_builder_column_1_3 1_3 fusion-one-third\" style=\"--awb-padding-top:10px;--awb-padding-right:10px;--awb-padding-bottom:10px;--awb-padding-left:10px;--awb-bg-color:#f2f2f2;--awb-bg-color-hover:#f2f2f2;--awb-bg-size:cover;width:30.6666%; margin-right: 4%;\"><div class=\"fusion-column-wrapper fusion-flex-column-wrapper-legacy\"><div class=\"fusion-text fusion-text-3\"><p><a href=\"http:\/\/aquasapiens.fr\/aqua\/wp-content\/uploads\/2014\/12\/Montage-son1-e1420813002174.jpg\"><img decoding=\"async\" class=\"alignnone wp-image-11476 size-large\" src=\"http:\/\/aquasapiens.fr\/aqua\/wp-content\/uploads\/2014\/12\/Montage-son1-e1420813002174-1024x575.jpg\" alt=\"\" width=\"669\" height=\"376\" srcset=\"http:\/\/aquasapiens.fr\/aqua\/wp-content\/uploads\/2014\/12\/Montage-son1-e1420813002174-300x169.jpg 300w, http:\/\/aquasapiens.fr\/aqua\/wp-content\/uploads\/2014\/12\/Montage-son1-e1420813002174-1024x575.jpg 1024w, http:\/\/aquasapiens.fr\/aqua\/wp-content\/uploads\/2014\/12\/Montage-son1-e1420813002174.jpg 1500w\" sizes=\"(max-width: 669px) 100vw, 669px\" \/><\/a><\/p>\n<h2>Post-production sonore<\/h2>\n<p><span style=\"font-family: Arimo, sans-serif;\">Pour la fiction ou le documentaire, Pierre assure le montage son et le mixage multicanal depuis plus de 20 ans. A l&rsquo;\u00e9coute des attentes des r\u00e9alisateurs, il sait proposer des bruitages, des habillages, des effets.<br \/>\n<\/span>Le mixage est adapt\u00e9 au mode de diffusion envisag\u00e9e, web, t\u00e9l\u00e9vision ou salle, avec le respect des derni\u00e8res normes techniques.<\/p>\n<\/div><div class=\"fusion-clearfix\"><\/div><\/div><\/div><div class=\"fusion-layout-column fusion_builder_column fusion-builder-column-5 fusion_builder_column_1_3 1_3 fusion-one-third fusion-column-last\" style=\"--awb-padding-top:10px;--awb-padding-right:10px;--awb-padding-bottom:10px;--awb-padding-left:10px;--awb-bg-color:#f2f2f2;--awb-bg-color-hover:#f2f2f2;--awb-bg-size:cover;width:30.6666%;\"><div class=\"fusion-column-wrapper fusion-flex-column-wrapper-legacy\"><div class=\"fusion-text fusion-text-4\"><p><a href=\"http:\/\/aquasapiens.fr\/aqua\/wp-content\/uploads\/2014\/12\/Perchebrest.jpg\"><img decoding=\"async\" class=\"alignnone wp-image-11422 size-large\" src=\"http:\/\/aquasapiens.fr\/aqua\/wp-content\/uploads\/2014\/12\/Perchebrest-1024x576.jpg\" alt=\"\" width=\"669\" height=\"376\" srcset=\"http:\/\/aquasapiens.fr\/aqua\/wp-content\/uploads\/2014\/12\/Perchebrest-300x169.jpg 300w, http:\/\/aquasapiens.fr\/aqua\/wp-content\/uploads\/2014\/12\/Perchebrest-1024x576.jpg 1024w, http:\/\/aquasapiens.fr\/aqua\/wp-content\/uploads\/2014\/12\/Perchebrest.jpg 1920w\" sizes=\"(max-width: 669px) 100vw, 669px\" \/><\/a><\/p>\n<h2>Formation<\/h2>\n<p><span style=\"font-family: Arimo, sans-serif;\">Pierre participe \u00e9galement \u00e0 des programmes de recherche et de formation. <\/span><\/p>\n<\/div><div class=\"fusion-clearfix\"><\/div><\/div><\/div><\/div><\/div><div class=\"fusion-fullwidth fullwidth-box fusion-builder-row-3 nonhundred-percent-fullwidth non-hundred-percent-height-scrolling\" style=\"--awb-background-position:left top;--awb-border-radius-top-left:0px;--awb-border-radius-top-right:0px;--awb-border-radius-bottom-right:0px;--awb-border-radius-bottom-left:0px;--awb-padding-top:20px;--awb-padding-right:0px;--awb-padding-bottom:20px;--awb-padding-left:0px;--awb-border-sizes-top:0px;--awb-border-sizes-bottom:0px;--awb-flex-wrap:wrap;\" ><div class=\"fusion-builder-row fusion-row\"><div class=\"fusion-layout-column fusion_builder_column fusion-builder-column-6 fusion_builder_column_1_1 1_1 fusion-one-full fusion-column-first fusion-column-last fusion-column-no-min-height\" style=\"--awb-bg-size:cover;--awb-margin-bottom:0px;\"><div class=\"fusion-column-wrapper fusion-flex-column-wrapper-legacy\"><div class=\"fusion-text fusion-text-5\"><h1 style=\"text-align: center;\">Le mat\u00e9riel de tournage et de post-prod sonore<\/h1>\n<\/div><div class=\"fusion-clearfix\"><\/div><\/div><\/div><div class=\"fusion-layout-column fusion_builder_column fusion-builder-column-7 fusion_builder_column_1_1 1_1 fusion-one-full fusion-column-first fusion-column-last fusion-column-no-min-height\" style=\"--awb-bg-size:cover;--awb-margin-bottom:0px;\"><div class=\"fusion-column-wrapper fusion-flex-column-wrapper-legacy\"><div class=\"fusion-tabs fusion-tabs-1 clean vertical-tabs icon-position-left mobile-mode-accordion\" style=\"--awb-title-border-radius-top-left:0px;--awb-title-border-radius-top-right:0px;--awb-title-border-radius-bottom-right:0px;--awb-title-border-radius-bottom-left:0px;--awb-inactive-color:#f1f2f2;--awb-background-color:#ffffff;--awb-border-color:#ebeaea;--awb-active-border-color:#1a80b6;\"><div class=\"nav\"><ul class=\"nav-tabs\" role=\"tablist\"><li class=\"active\" role=\"presentation\"><a class=\"tab-link\" data-toggle=\"tab\" role=\"tab\" aria-controls=\"tab-72826fcc90ae1a90651\" aria-selected=\"true\" id=\"fusion-tab-uneunit\u00e9d&#039;enregistrement8pistesdeterrain\" href=\"#tab-72826fcc90ae1a90651\"><h4 class=\"fusion-tab-heading\"><i class=\"fontawesome-icon fa fa-youtube-play\" aria-hidden=\"true\" style=\"font-size:13px;\"><\/i>Une unit\u00e9 d'enregistrement 8 pistes de terrain<\/h4><\/a><\/li><li role=\"presentation\"><a class=\"tab-link\" data-toggle=\"tab\" role=\"tab\" aria-controls=\"tab-2f3fc6545580d5d39ce\" aria-selected=\"false\" tabindex=\"-1\" id=\"fusion-tab-unensembledemicrosadapt\u00e9s\" href=\"#tab-2f3fc6545580d5d39ce\"><h4 class=\"fusion-tab-heading\"><i class=\"fontawesome-icon fa fa-youtube-play\" aria-hidden=\"true\" style=\"font-size:13px;\"><\/i>Un ensemble de micros adapt\u00e9s<\/h4><\/a><\/li><li role=\"presentation\"><a class=\"tab-link\" data-toggle=\"tab\" role=\"tab\" aria-controls=\"tab-b35adb772bf1832d25c\" aria-selected=\"false\" tabindex=\"-1\" id=\"fusion-tab-unestationdemontagesonetmixagemulticanal\" href=\"#tab-b35adb772bf1832d25c\"><h4 class=\"fusion-tab-heading\"><i class=\"fontawesome-icon fa fa-youtube-play\" aria-hidden=\"true\" style=\"font-size:13px;\"><\/i>Une station de montage son et mixage multicanal<\/h4><\/a><\/li><li role=\"presentation\"><a class=\"tab-link\" data-toggle=\"tab\" role=\"tab\" aria-controls=\"tab-613d1ddc96ca0a78447\" aria-selected=\"false\" tabindex=\"-1\" id=\"fusion-tab-accessoires\" href=\"#tab-613d1ddc96ca0a78447\"><h4 class=\"fusion-tab-heading\"><i class=\"fontawesome-icon fa fa-youtube-play\" aria-hidden=\"true\" style=\"font-size:13px;\"><\/i>Accessoires<\/h4><\/a><\/li><\/ul><\/div><div class=\"tab-content\"><div class=\"nav fusion-mobile-tab-nav\"><ul class=\"nav-tabs\" role=\"tablist\"><li class=\"active\" role=\"presentation\"><a class=\"tab-link\" data-toggle=\"tab\" role=\"tab\" aria-controls=\"tab-72826fcc90ae1a90651\" aria-selected=\"true\" id=\"mobile-fusion-tab-uneunit\u00e9d&#039;enregistrement8pistesdeterrain\" href=\"#tab-72826fcc90ae1a90651\"><h4 class=\"fusion-tab-heading\"><i class=\"fontawesome-icon fa fa-youtube-play\" aria-hidden=\"true\" style=\"font-size:13px;\"><\/i>Une unit\u00e9 d'enregistrement 8 pistes de terrain<\/h4><\/a><\/li><\/ul><\/div><div class=\"tab-pane fade fusion-clearfix in active\" role=\"tabpanel\" tabindex=\"0\" aria-labelledby=\"fusion-tab-uneunit\u00e9d&#039;enregistrement8pistesdeterrain\" id=\"tab-72826fcc90ae1a90651\"><a href=\"http:\/\/aquasapiens.fr\/aqua\/wp-content\/uploads\/2014\/12\/Enregistreur-son-de-terrain.jpg\"><img decoding=\"async\" class=\"alignleft wp-image-11412 size-medium\" src=\"http:\/\/aquasapiens.fr\/aqua\/wp-content\/uploads\/2014\/12\/Enregistreur-son-de-terrain-300x300.jpg\" alt=\"\" width=\"300\" height=\"300\" srcset=\"http:\/\/aquasapiens.fr\/aqua\/wp-content\/uploads\/2014\/12\/Enregistreur-son-de-terrain-66x66.jpg 66w, http:\/\/aquasapiens.fr\/aqua\/wp-content\/uploads\/2014\/12\/Enregistreur-son-de-terrain-150x150.jpg 150w, http:\/\/aquasapiens.fr\/aqua\/wp-content\/uploads\/2014\/12\/Enregistreur-son-de-terrain-300x300.jpg 300w, http:\/\/aquasapiens.fr\/aqua\/wp-content\/uploads\/2014\/12\/Enregistreur-son-de-terrain.jpg 600w\" sizes=\"(max-width: 300px) 100vw, 300px\" \/><\/a>L&rsquo;enregistreur Sound Devices 788t est un appareil compact et complet qui offrent une grande qualit\u00e9 sonore.<ul style=\"--awb-size:13px;--awb-line-height:22.1px;--awb-icon-width:22.1px;--awb-icon-height:22.1px;--awb-icon-margin:9.1px;--awb-content-margin:31.2px;--awb-circlecolor:#1a80b6;--awb-circle-yes-font-size:11.44px;\" class=\"fusion-checklist fusion-checklist-1 fusion-checklist-default type-icons\"><li class=\"fusion-li-item\" style=\"\"><span class=\"icon-wrapper circle-yes\"><i class=\"fusion-li-icon awb-icon-check\" aria-hidden=\"true\"><\/i><\/span><div class=\"fusion-li-item-content\">8 entr\u00e9es micros<\/div><\/li><li class=\"fusion-li-item\" style=\"\"><span class=\"icon-wrapper circle-yes\"><i class=\"fusion-li-icon awb-icon-check\" aria-hidden=\"true\"><\/i><\/span><div class=\"fusion-li-item-content\">Enregistrement haute r\u00e9solution<\/div><\/li><li class=\"fusion-li-item\" style=\"\"><span class=\"icon-wrapper circle-yes\"><i class=\"fusion-li-icon awb-icon-check\" aria-hidden=\"true\"><\/i><\/span><div class=\"fusion-li-item-content\">Cr\u00e9ation simultan\u00e9e des rapports son<\/div><\/li><\/ul><\/div><div class=\"nav fusion-mobile-tab-nav\"><ul class=\"nav-tabs\" role=\"tablist\"><li role=\"presentation\"><a class=\"tab-link\" data-toggle=\"tab\" role=\"tab\" aria-controls=\"tab-2f3fc6545580d5d39ce\" aria-selected=\"false\" tabindex=\"-1\" id=\"mobile-fusion-tab-unensembledemicrosadapt\u00e9s\" href=\"#tab-2f3fc6545580d5d39ce\"><h4 class=\"fusion-tab-heading\"><i class=\"fontawesome-icon fa fa-youtube-play\" aria-hidden=\"true\" style=\"font-size:13px;\"><\/i>Un ensemble de micros adapt\u00e9s<\/h4><\/a><\/li><\/ul><\/div><div class=\"tab-pane fade fusion-clearfix\" role=\"tabpanel\" tabindex=\"0\" aria-labelledby=\"fusion-tab-unensembledemicrosadapt\u00e9s\" id=\"tab-2f3fc6545580d5d39ce\"><a href=\"http:\/\/aquasapiens.fr\/aqua\/wp-content\/uploads\/2014\/12\/PercheTennis.jpg\"><img decoding=\"async\" class=\"alignleft wp-image-11417 size-medium\" src=\"http:\/\/aquasapiens.fr\/aqua\/wp-content\/uploads\/2014\/12\/PercheTennis-300x300.jpg\" alt=\"\" width=\"300\" height=\"300\" srcset=\"http:\/\/aquasapiens.fr\/aqua\/wp-content\/uploads\/2014\/12\/PercheTennis-66x66.jpg 66w, http:\/\/aquasapiens.fr\/aqua\/wp-content\/uploads\/2014\/12\/PercheTennis-150x150.jpg 150w, http:\/\/aquasapiens.fr\/aqua\/wp-content\/uploads\/2014\/12\/PercheTennis-300x300.jpg 300w, http:\/\/aquasapiens.fr\/aqua\/wp-content\/uploads\/2014\/12\/PercheTennis.jpg 600w\" sizes=\"(max-width: 300px) 100vw, 300px\" \/><\/a>Nous avons une grande exp\u00e9rience de l&rsquo;utilisation du bon micro dans les conditions les plus complexes. <ul style=\"--awb-size:13px;--awb-line-height:22.1px;--awb-icon-width:22.1px;--awb-icon-height:22.1px;--awb-icon-margin:9.1px;--awb-content-margin:31.2px;--awb-circlecolor:#1a80b6;--awb-circle-yes-font-size:11.44px;\" class=\"fusion-checklist fusion-checklist-2 fusion-checklist-default type-icons\"><li class=\"fusion-li-item\" style=\"\"><span class=\"icon-wrapper circle-yes\"><i class=\"fusion-li-icon awb-icon-check\" aria-hidden=\"true\"><\/i><\/span><div class=\"fusion-li-item-content\">Neumann pour la perche principale<\/div><\/li><li class=\"fusion-li-item\" style=\"\"><span class=\"icon-wrapper circle-yes\"><i class=\"fusion-li-icon awb-icon-check\" aria-hidden=\"true\"><\/i><\/span><div class=\"fusion-li-item-content\">Schoeps pour la prise de son multicanale<\/div><\/li><li class=\"fusion-li-item\" style=\"\"><span class=\"icon-wrapper circle-yes\"><i class=\"fusion-li-icon awb-icon-check\" aria-hidden=\"true\"><\/i><\/span><div class=\"fusion-li-item-content\">Diff\u00e9rentes suspensions et bonnettes grand vent<\/div><\/li><\/ul><\/div><div class=\"nav fusion-mobile-tab-nav\"><ul class=\"nav-tabs\" role=\"tablist\"><li role=\"presentation\"><a class=\"tab-link\" data-toggle=\"tab\" role=\"tab\" aria-controls=\"tab-b35adb772bf1832d25c\" aria-selected=\"false\" tabindex=\"-1\" id=\"mobile-fusion-tab-unestationdemontagesonetmixagemulticanal\" href=\"#tab-b35adb772bf1832d25c\"><h4 class=\"fusion-tab-heading\"><i class=\"fontawesome-icon fa fa-youtube-play\" aria-hidden=\"true\" style=\"font-size:13px;\"><\/i>Une station de montage son et mixage multicanal<\/h4><\/a><\/li><\/ul><\/div><div class=\"tab-pane fade fusion-clearfix\" role=\"tabpanel\" tabindex=\"0\" aria-labelledby=\"fusion-tab-unestationdemontagesonetmixagemulticanal\" id=\"tab-b35adb772bf1832d25c\"><a href=\"http:\/\/aquasapiens.fr\/aqua\/wp-content\/uploads\/2014\/12\/Montage-son.jpg\"><img decoding=\"async\" class=\"alignleft wp-image-11413 size-medium\" src=\"http:\/\/aquasapiens.fr\/aqua\/wp-content\/uploads\/2014\/12\/Montage-son-300x300.jpg\" alt=\"\" width=\"300\" height=\"300\" srcset=\"http:\/\/aquasapiens.fr\/aqua\/wp-content\/uploads\/2014\/12\/Montage-son-66x66.jpg 66w, http:\/\/aquasapiens.fr\/aqua\/wp-content\/uploads\/2014\/12\/Montage-son-150x150.jpg 150w, http:\/\/aquasapiens.fr\/aqua\/wp-content\/uploads\/2014\/12\/Montage-son-300x300.jpg 300w, http:\/\/aquasapiens.fr\/aqua\/wp-content\/uploads\/2014\/12\/Montage-son.jpg 600w\" sizes=\"(max-width: 300px) 100vw, 300px\" \/><\/a>Install\u00e9 sur une station Mac et sur un ordinateur portable.<ul style=\"--awb-size:13px;--awb-line-height:22.1px;--awb-icon-width:22.1px;--awb-icon-height:22.1px;--awb-icon-margin:9.1px;--awb-content-margin:31.2px;--awb-circlecolor:#1a80b6;--awb-circle-yes-font-size:11.44px;\" class=\"fusion-checklist fusion-checklist-3 fusion-checklist-default type-icons\"><li class=\"fusion-li-item\" style=\"\"><span class=\"icon-wrapper circle-yes\"><i class=\"fusion-li-icon awb-icon-check\" aria-hidden=\"true\"><\/i><\/span><div class=\"fusion-li-item-content\">Pro Tools HD 10<\/div><\/li><li class=\"fusion-li-item\" style=\"\"><span class=\"icon-wrapper circle-yes\"><i class=\"fusion-li-icon awb-icon-check\" aria-hidden=\"true\"><\/i><\/span><div class=\"fusion-li-item-content\">Imac 27\u00a0\u00bb<\/div><\/li><li class=\"fusion-li-item\" style=\"\"><span class=\"icon-wrapper circle-yes\"><i class=\"fusion-li-icon awb-icon-check\" aria-hidden=\"true\"><\/i><\/span><div class=\"fusion-li-item-content\">Interface Euphonix<\/div><\/li><li class=\"fusion-li-item\" style=\"\"><span class=\"icon-wrapper circle-yes\"><i class=\"fusion-li-icon awb-icon-check\" aria-hidden=\"true\"><\/i><\/span><div class=\"fusion-li-item-content\">Ecoute Focale multicanale<\/div><\/li><\/ul><\/div><div class=\"nav fusion-mobile-tab-nav\"><ul class=\"nav-tabs\" role=\"tablist\"><li role=\"presentation\"><a class=\"tab-link\" data-toggle=\"tab\" role=\"tab\" aria-controls=\"tab-613d1ddc96ca0a78447\" aria-selected=\"false\" tabindex=\"-1\" id=\"mobile-fusion-tab-accessoires\" href=\"#tab-613d1ddc96ca0a78447\"><h4 class=\"fusion-tab-heading\"><i class=\"fontawesome-icon fa fa-youtube-play\" aria-hidden=\"true\" style=\"font-size:13px;\"><\/i>Accessoires<\/h4><\/a><\/li><\/ul><\/div><div class=\"tab-pane fade fusion-clearfix\" role=\"tabpanel\" tabindex=\"0\" aria-labelledby=\"fusion-tab-accessoires\" id=\"tab-613d1ddc96ca0a78447\"><ul style=\"--awb-size:13px;--awb-line-height:22.1px;--awb-icon-width:22.1px;--awb-icon-height:22.1px;--awb-icon-margin:9.1px;--awb-content-margin:31.2px;--awb-circlecolor:#1a80b6;--awb-circle-yes-font-size:11.44px;\" class=\"fusion-checklist fusion-checklist-4 fusion-checklist-default type-icons\"><li class=\"fusion-li-item\" style=\"\"><span class=\"icon-wrapper circle-yes\"><i class=\"fusion-li-icon awb-icon-check\" aria-hidden=\"true\"><\/i><\/span><div class=\"fusion-li-item-content\">des micros HF Audio Ltd<\/div><\/li><li class=\"fusion-li-item\" style=\"\"><span class=\"icon-wrapper circle-yes\"><i class=\"fusion-li-icon awb-icon-check\" aria-hidden=\"true\"><\/i><\/span><div class=\"fusion-li-item-content\">des moniteurs HF Sennheiser<\/div><\/li><\/ul><\/div><\/div><\/div><div class=\"fusion-clearfix\"><\/div><\/div><\/div><\/div><\/div><\/p>\n","protected":false},"excerpt":{"rendered":"","protected":false},"author":1,"featured_media":0,"parent":0,"menu_order":0,"comment_status":"closed","ping_status":"open","template":"","meta":{"footnotes":""},"class_list":["post-11090","page","type-page","status-publish","hentry"],"_links":{"self":[{"href":"http:\/\/aquasapiens.fr\/aqua\/wp-json\/wp\/v2\/pages\/11090","targetHints":{"allow":["GET"]}}],"collection":[{"href":"http:\/\/aquasapiens.fr\/aqua\/wp-json\/wp\/v2\/pages"}],"about":[{"href":"http:\/\/aquasapiens.fr\/aqua\/wp-json\/wp\/v2\/types\/page"}],"author":[{"embeddable":true,"href":"http:\/\/aquasapiens.fr\/aqua\/wp-json\/wp\/v2\/users\/1"}],"replies":[{"embeddable":true,"href":"http:\/\/aquasapiens.fr\/aqua\/wp-json\/wp\/v2\/comments?post=11090"}],"version-history":[{"count":17,"href":"http:\/\/aquasapiens.fr\/aqua\/wp-json\/wp\/v2\/pages\/11090\/revisions"}],"predecessor-version":[{"id":12067,"href":"http:\/\/aquasapiens.fr\/aqua\/wp-json\/wp\/v2\/pages\/11090\/revisions\/12067"}],"wp:attachment":[{"href":"http:\/\/aquasapiens.fr\/aqua\/wp-json\/wp\/v2\/media?parent=11090"}],"curies":[{"name":"wp","href":"https:\/\/api.w.org\/{rel}","templated":true}]}}