{"id":11264,"date":"2014-12-18T08:24:39","date_gmt":"2014-12-18T07:24:39","guid":{"rendered":"http:\/\/aquasapiens.fr\/aqua\/?page_id=11264"},"modified":"2016-10-17T19:50:50","modified_gmt":"2016-10-17T18:50:50","slug":"le-projet-symbiose","status":"publish","type":"page","link":"http:\/\/aquasapiens.fr\/aqua\/le-projet-symbiose\/","title":{"rendered":"Le projet Symbiose"},"content":{"rendered":"<p><div class=\"fusion-fullwidth fullwidth-box fusion-builder-row-1 hundred-percent-fullwidth non-hundred-percent-height-scrolling\" style=\"--awb-border-radius-top-left:0px;--awb-border-radius-top-right:0px;--awb-border-radius-bottom-right:0px;--awb-border-radius-bottom-left:0px;--awb-overflow:visible;--awb-flex-wrap:wrap;\" ><div class=\"fusion-builder-row fusion-row\"><div class=\"fusion-layout-column fusion_builder_column fusion-builder-column-0 fusion_builder_column_2_5 2_5 fusion-two-fifth fusion-column-first\" style=\"--awb-bg-size:cover;width:37.6%; margin-right: 4%;\"><div class=\"fusion-column-wrapper fusion-flex-column-wrapper-legacy\"><div class=\"fusion-image-element in-legacy-container\" style=\"--awb-bottom-shadow-color:rgba(0,0,0,0.4);--awb-caption-title-font-family:var(--h2_typography-font-family);--awb-caption-title-font-weight:var(--h2_typography-font-weight);--awb-caption-title-font-style:var(--h2_typography-font-style);--awb-caption-title-size:var(--h2_typography-font-size);--awb-caption-title-transform:var(--h2_typography-text-transform);--awb-caption-title-line-height:var(--h2_typography-line-height);--awb-caption-title-letter-spacing:var(--h2_typography-letter-spacing);\"><div class=\"awb-image-frame awb-image-frame-1 awb-bottomshadow\"><span class=\" fusion-imageframe imageframe-bottomshadow imageframe-1 hover-type-none\"><img decoding=\"async\" width=\"350\" height=\"230\" title=\"carte-indo\" src=\"http:\/\/aquasapiens.fr\/aqua\/wp-content\/uploads\/2014\/12\/carte-indo.jpg\" alt class=\"img-responsive wp-image-11296\" srcset=\"http:\/\/aquasapiens.fr\/aqua\/wp-content\/uploads\/2014\/12\/carte-indo-300x197.jpg 300w, http:\/\/aquasapiens.fr\/aqua\/wp-content\/uploads\/2014\/12\/carte-indo.jpg 350w\" sizes=\"(max-width: 350px) 100vw, 350px\" \/><\/span><svg xmlns=\"http:\/\/www.w3.org\/2000\/svg\" version=\"1.1\" width=\"100%\" viewBox=\"0 0 600 28\" preserveAspectRatio=\"none\"><g clip-path=\"url(#a)\"><mask id=\"b\" style=\"mask-type:luminance\" maskUnits=\"userSpaceOnUse\" x=\"0\" y=\"0\" width=\"600\" height=\"28\"><path d=\"M0 0h600v28H0V0Z\" fill=\"#fff\"\/><\/mask><g filter=\"url(#c)\" mask=\"url(#b)\"><path d=\"M16.439-18.667h567.123v30.8S438.961-8.4 300-8.4C161.04-8.4 16.438 12.133 16.438 12.133v-30.8Z\" fill=\"#000\"\/><\/g><\/g><defs><clipPath id=\"a\"><path fill=\"#fff\" d=\"M0 0h600v28H0z\"\/><\/clipPath><filter id=\"c\" x=\"5.438\" y=\"-29.667\" width=\"589.123\" height=\"52.8\" filterUnits=\"userSpaceOnUse\" color-interpolation-filters=\"sRGB\"><feFlood flood-opacity=\"0\" result=\"BackgroundImageFix\"\/><feBlend in=\"SourceGraphic\" in2=\"BackgroundImageFix\" result=\"shape\"\/><feGaussianBlur stdDeviation=\"5.5\" result=\"effect1_foregroundBlur_3983_183\"\/><\/filter><\/defs><\/svg><\/div><\/div><div class=\"fusion-clearfix\"><\/div><\/div><\/div><div class=\"fusion-layout-column fusion_builder_column fusion-builder-column-1 fusion_builder_column_3_5 3_5 fusion-three-fifth fusion-column-last\" style=\"--awb-bg-size:cover;width:58.4%;\"><div class=\"fusion-column-wrapper fusion-flex-column-wrapper-legacy\"><style type='text\/css'>.reading-box-container-1 .element-bottomshadow:before,.reading-box-container-1 .element-bottomshadow:after{opacity:0.7;}<\/style><div class=\"fusion-reading-box-container reading-box-container-1\" style=\"--awb-title-color:#333333;--awb-margin-top:0px;--awb-margin-bottom:84px;\"><div class=\"reading-box element-bottomshadow\" style=\"background-color:#f6f6f6;border-width:1px;border-color:#f6f6f6;border-top-width:3px;border-top-color:var(--primary_color);border-style:solid;\"><h2>Le projet SYMBIOSE<\/h2><div class=\"reading-box-additional fusion-reading-box-additional\">Le Projet Symbiose, c\u2019est tout d\u2019abord 6 mois de tournages au c\u0153ur du Triangle de Corail. Nous sommes partis \u00e0 la rencontre des plus riches \u00e9cosyst\u00e8mes sous-marins de la plan\u00e8te et des hommes qui vivent sur les rivages de ces \u00eeles indon\u00e9siennes. L\u2019id\u00e9e \u00e9tait de faire des films qui, pour une fois, soient diffus\u00e9s sur place, de mettre en image les p\u00e9rils sociaux et \u00e9cologiques qui menacent ces populations littorales et de les leur montrer. C&rsquo;est une projet de S\u00e9bastien Thi\u00e9bot et C\u00e9cile Carduner<\/div><div class=\"fusion-clearfix\"><\/div><\/div><\/div><div class=\"fusion-clearfix\"><\/div><\/div><\/div><div class=\"fusion-layout-column fusion_builder_column fusion-builder-column-2 fusion_builder_column_5_6 5_6 fusion-five-sixth fusion-column-first\" style=\"--awb-padding-top:5px;--awb-padding-right:5px;--awb-padding-bottom:5px;--awb-padding-left:5px;--awb-bg-color:#f2f2f2;--awb-bg-color-hover:#f2f2f2;--awb-bg-size:cover;--awb-border-color:#000000;--awb-border-top:0px;--awb-border-right:0px;--awb-border-bottom:0px;--awb-border-left:0px;--awb-border-style:solid;width:82.6666%; margin-right: 4%;\"><div class=\"fusion-column-wrapper fusion-flex-column-wrapper-legacy\"><ul style=\"--awb-size:13px;--awb-line-height:22.1px;--awb-icon-width:22.1px;--awb-icon-height:22.1px;--awb-icon-margin:9.1px;--awb-content-margin:31.2px;--awb-circlecolor:#1a80b6;--awb-circle-yes-font-size:11.44px;\" class=\"fusion-checklist fusion-checklist-1 fusion-checklist-default type-icons\"><li class=\"fusion-li-item\" style=\"\"><span class=\"icon-wrapper circle-yes\"><i class=\"fusion-li-icon fa fa-caret-right\" aria-hidden=\"true\"><\/i><\/span><div class=\"fusion-li-item-content\">R\u00e9aliser des films de sensibilisation en Indon\u00e9sien et les diffuser sur place<\/div><\/li><li class=\"fusion-li-item\" style=\"\"><span class=\"icon-wrapper circle-yes\"><i class=\"fusion-li-icon fa fa-caret-right\" aria-hidden=\"true\"><\/i><\/span><div class=\"fusion-li-item-content\">Diffuser sur internet des reportages pendant les 6 mois en Indon\u00e9sie<\/div><\/li><li class=\"fusion-li-item\" style=\"\"><span class=\"icon-wrapper circle-yes\"><i class=\"fusion-li-icon fa fa-caret-right\" aria-hidden=\"true\"><\/i><\/span><div class=\"fusion-li-item-content\">Travailler avec des \u00e9coles pour faire d\u00e9couvrir les \u00e9cosyst\u00e8mes marins aux \u00e9l\u00e8ves bretons<\/div><\/li><li class=\"fusion-li-item\" style=\"\"><span class=\"icon-wrapper circle-yes\"><i class=\"fusion-li-icon fa fa-caret-right\" aria-hidden=\"true\"><\/i><\/span><div class=\"fusion-li-item-content\">Diffuser en France les films du projet et les images sous-marines pour continuer le travail de sensibilisation<\/div><\/li><\/ul><div class=\"fusion-clearfix\"><\/div><\/div><\/div><div class=\"fusion-layout-column fusion_builder_column fusion-builder-column-3 fusion_builder_column_1_2 1_2 fusion-one-half fusion-column-last\" style=\"--awb-bg-size:cover;width:48%;\"><div class=\"fusion-column-wrapper fusion-flex-column-wrapper-legacy\"><div class=\"fusion-title title fusion-title-1 fusion-title-text fusion-title-size-two\"><h2 class=\"fusion-title-heading title-heading-left\" style=\"margin:0;\">Quelques images de Raja Ampat<\/h2><span class=\"awb-title-spacer\"><\/span><div class=\"title-sep-container\"><div class=\"title-sep sep-single sep-solid\" style=\"border-color:#e0dede;\"><\/div><\/div><\/div><div class=\"fusion-video fusion-vimeo\" style=\"--awb-max-width:600px;--awb-max-height:340px;\"><div class=\"video-shortcode\"><div class=\"fluid-width-video-wrapper\" style=\"padding-top:56.67%;\" ><iframe title=\"Vimeo video player 1\" src=\"https:\/\/player.vimeo.com\/video\/6081846?autoplay=0&autopause=0\" width=\"600\" height=\"340\" allowfullscreen allow=\"autoplay; fullscreen\"><\/iframe><\/div><\/div><\/div><div class=\"fusion-clearfix\"><\/div><\/div><\/div><div class=\"fusion-layout-column fusion_builder_column fusion-builder-column-4 fusion_builder_column_1_2 1_2 fusion-one-half fusion-column-first\" style=\"--awb-bg-size:cover;width:48%; margin-right: 4%;\"><div class=\"fusion-column-wrapper fusion-flex-column-wrapper-legacy\"><div class=\"fusion-title title fusion-title-2 fusion-title-text fusion-title-size-two\"><h2 class=\"fusion-title-heading title-heading-left\" style=\"margin:0;\">Le projet Symbiose sur France 2<\/h2><span class=\"awb-title-spacer\"><\/span><div class=\"title-sep-container\"><div class=\"title-sep sep-single sep-solid\" style=\"border-color:#e0dede;\"><\/div><\/div><\/div><div class=\"fusion-video fusion-vimeo\" style=\"--awb-max-width:600px;--awb-max-height:340px;\"><div class=\"video-shortcode\"><div class=\"fluid-width-video-wrapper\" style=\"padding-top:56.67%;\" ><iframe title=\"Vimeo video player 2\" src=\"https:\/\/player.vimeo.com\/video\/114639143?autoplay=0&autopause=0\" width=\"600\" height=\"340\" allowfullscreen allow=\"autoplay; fullscreen\"><\/iframe><\/div><\/div><\/div><div class=\"fusion-clearfix\"><\/div><\/div><\/div><div class=\"fusion-layout-column fusion_builder_column fusion-builder-column-5 fusion_builder_column_1_1 1_1 fusion-one-full fusion-column-last fusion-column-no-min-height\" style=\"--awb-bg-size:cover;--awb-margin-bottom:0px;\"><div class=\"fusion-column-wrapper fusion-flex-column-wrapper-legacy\"><div class=\"fusion-tabs fusion-tabs-1 clean vertical-tabs icon-position-left mobile-mode-accordion\" style=\"--awb-title-border-radius-top-left:0px;--awb-title-border-radius-top-right:0px;--awb-title-border-radius-bottom-right:0px;--awb-title-border-radius-bottom-left:0px;--awb-inactive-color:#f1f2f2;--awb-background-color:#ffffff;--awb-border-color:#ebeaea;--awb-active-border-color:#1a80b6;\"><div class=\"nav\"><ul class=\"nav-tabs\" role=\"tablist\"><li class=\"active\" role=\"presentation\"><a class=\"tab-link\" data-toggle=\"tab\" role=\"tab\" aria-controls=\"tab-5ce3ed0e039efee6bd2\" aria-selected=\"true\" id=\"fusion-tab-film1:rajaampat,\u00e0l&#039;aubed&#039;unenouvelle\u00e8re\" href=\"#tab-5ce3ed0e039efee6bd2\"><h4 class=\"fusion-tab-heading\">Film 1: Raja Ampat, \u00e0 l'aube d'une nouvelle \u00e8re<\/h4><\/a><\/li><li role=\"presentation\"><a class=\"tab-link\" data-toggle=\"tab\" role=\"tab\" aria-controls=\"tab-8503d9bcf3a6daaccd1\" aria-selected=\"false\" tabindex=\"-1\" id=\"fusion-tab-film2:nusapenida,daricarapandangyangberbeda\" href=\"#tab-8503d9bcf3a6daaccd1\"><h4 class=\"fusion-tab-heading\">Film 2 : Nusa Penida, dari cara pandang yang berbeda<\/h4><\/a><\/li><\/ul><\/div><div class=\"tab-content\"><div class=\"nav fusion-mobile-tab-nav\"><ul class=\"nav-tabs\" role=\"tablist\"><li class=\"active\" role=\"presentation\"><a class=\"tab-link\" data-toggle=\"tab\" role=\"tab\" aria-controls=\"tab-5ce3ed0e039efee6bd2\" aria-selected=\"true\" id=\"mobile-fusion-tab-film1:rajaampat,\u00e0l&#039;aubed&#039;unenouvelle\u00e8re\" href=\"#tab-5ce3ed0e039efee6bd2\"><h4 class=\"fusion-tab-heading\">Film 1: Raja Ampat, \u00e0 l'aube d'une nouvelle \u00e8re<\/h4><\/a><\/li><\/ul><\/div><div class=\"tab-pane fade fusion-clearfix in active\" role=\"tabpanel\" tabindex=\"0\" aria-labelledby=\"fusion-tab-film1:rajaampat,\u00e0l&#039;aubed&#039;unenouvelle\u00e8re\" id=\"tab-5ce3ed0e039efee6bd2\"><img decoding=\"async\" class=\"alignleft wp-image-144 size-thumbnail\" src=\"http:\/\/aquasapiens.fr\/aqua\/wp-content\/uploads\/2014\/11\/vcomporajaampat-150x112.png\" alt=\"vcomporajaampat\" width=\"150\" height=\"112\" \/>Dur\u00e9e : 23min<br \/>\nLangue : Indon\u00e9sien\/Fran\u00e7ais<\/p>\n<p>Un paradis terrestre perdu au bout de la Papouasie, c\u2019est l\u00e0 que nous avons pass\u00e9 les deux derniers mois de notre p\u00e9riple. Avec Alves, un anarchiste communiste mi-papou mi-javanais, nous avons voyag\u00e9 au milieu de ces \u00eeles \u00e0 la rencontre des peuples biak et mayas. Il y a vingt ans, ces communaut\u00e9s vivaient simplement de l\u2019abondante nourriture que leur offrait la mer. Et puis, un jour, un bateau est venu\u2026<br \/>\nC\u2019est pour raconter l\u2019histoire des changements brutaux qui ont depuis boulevers\u00e9 l\u2019\u00e9quilibre ancestral entre l\u2019homme et son environnement que nous avons r\u00e9alis\u00e9 le film \u00ab Raja Ampat, \u00e0 l\u2019aube d\u2019une nouvelle \u00e8re \u00bb. Ce film de sensibilisation est aujourd\u2019hui diffus\u00e9 dans les 88 villages de l\u2019archipel.<br \/>\nCes \u00eeles nous ont \u00e9mu, elle nous ont permis de voir une nature \u00e0 son \u00e9tat premier, une mer si riche, si diversifi\u00e9e, des for\u00eats primaires si exub\u00e9rantes\u2026 et au c\u0153ur de tout cela, des hommes et des femmes vivant en parfaite symbiose&#8230; pour combien de temps?<\/p>\n<h4><strong>Diffusions 2010<\/strong><\/h4>\n<p>Festival du Film Maritime, d&rsquo;Exploration et d&rsquo;Environnement \/ Toulon (Prix : <strong>Grand Prix Rolex pour la protection du milieu marin<\/strong>)<br \/>\nFestival du Film Nature \/ Mur Erign\u00e9<\/p>\n<h4><strong>Diffusions 2009<\/strong><\/h4>\n<p>Festival International du Film Insulaire \/ Groix \/ France<br \/>\nFestival Mondial de l&rsquo;Image Sous-Marine \/ Marseille \/ France (Prix : <strong>Palme d&rsquo;Or cat\u00e9gorie court m\u00e9trage<\/strong>)<br \/>\nFestival du Film de l&rsquo;Aventure Oc\u00e9anographique \/ Oc\u00e9anopolis Brest \/ France<\/div><div class=\"nav fusion-mobile-tab-nav\"><ul class=\"nav-tabs\" role=\"tablist\"><li role=\"presentation\"><a class=\"tab-link\" data-toggle=\"tab\" role=\"tab\" aria-controls=\"tab-8503d9bcf3a6daaccd1\" aria-selected=\"false\" tabindex=\"-1\" id=\"mobile-fusion-tab-film2:nusapenida,daricarapandangyangberbeda\" href=\"#tab-8503d9bcf3a6daaccd1\"><h4 class=\"fusion-tab-heading\">Film 2 : Nusa Penida, dari cara pandang yang berbeda<\/h4><\/a><\/li><\/ul><\/div><div class=\"tab-pane fade fusion-clearfix\" role=\"tabpanel\" tabindex=\"0\" aria-labelledby=\"fusion-tab-film2:nusapenida,daricarapandangyangberbeda\" id=\"tab-8503d9bcf3a6daaccd1\">Dur\u00e9e : 16 min<br \/>\nLangue : Indon\u00e9sien<\/p>\n<p>A quelques kilom\u00e8tre de la bouillonnante \u00eele de Bali, l&rsquo;archipel de Nusa Penida connait l&rsquo;essor du d\u00e9veloppement touristique et celui de la culture des algues sur le platier.<br \/>\nCe film r\u00e9alis\u00e9 avec Iwan Dewantama propose de faire un constat des enjeux environnementaux de ce d\u00e9veloppement.<\/div><\/div><\/div><div class=\"fusion-clearfix\"><\/div><\/div><\/div><div class=\"fusion-layout-column fusion_builder_column fusion-builder-column-6 fusion_builder_column_1_1 1_1 fusion-one-full fusion-column-first fusion-column-last fusion-column-no-min-height\" style=\"--awb-bg-size:cover;--awb-margin-bottom:0px;\"><div class=\"fusion-column-wrapper fusion-flex-column-wrapper-legacy\"><div class=\"fusion-image-carousel fusion-image-carousel-fixed fusion-image-carousel-1 lightbox-enabled fusion-carousel-border\"><div class=\"awb-carousel awb-swiper awb-swiper-carousel\" data-autoplay=\"no\" data-columns=\"5\" data-itemmargin=\"13\" data-itemwidth=\"180\" data-touchscroll=\"no\" data-imagesize=\"fixed\"><div class=\"swiper-wrapper awb-image-carousel-wrapper fusion-flex-align-items-center\"><div class=\"swiper-slide\"><div class=\"fusion-carousel-item-wrapper\"><div class=\"fusion-image-wrapper hover-type-none\"><a data-rel=\"iLightbox[image_carousel_1]\" data-title=\"01wayagh\" aria-label=\"01wayagh\" href=\"http:\/\/aquasapiens.fr\/aqua\/wp-content\/uploads\/2014\/12\/01wayagh.jpg\" target=\"_self\"><img decoding=\"async\" width=\"320\" height=\"202\" src=\"http:\/\/aquasapiens.fr\/aqua\/wp-content\/uploads\/2014\/12\/01wayagh-320x202.jpg\" class=\"attachment-blog-medium size-blog-medium\" alt=\"\" \/><\/a><\/div><\/div><\/div><div class=\"swiper-slide\"><div class=\"fusion-carousel-item-wrapper\"><div class=\"fusion-image-wrapper hover-type-none\"><a data-rel=\"iLightbox[image_carousel_1]\" data-title=\"02indonesienh\" aria-label=\"02indonesienh\" href=\"http:\/\/aquasapiens.fr\/aqua\/wp-content\/uploads\/2014\/12\/02indonesienh.jpg\" target=\"_self\"><img decoding=\"async\" width=\"320\" height=\"202\" src=\"http:\/\/aquasapiens.fr\/aqua\/wp-content\/uploads\/2014\/12\/02indonesienh-320x202.jpg\" class=\"attachment-blog-medium size-blog-medium\" alt=\"\" \/><\/a><\/div><\/div><\/div><div class=\"swiper-slide\"><div class=\"fusion-carousel-item-wrapper\"><div class=\"fusion-image-wrapper hover-type-none\"><a data-rel=\"iLightbox[image_carousel_1]\" data-title=\"03tournage2h\" aria-label=\"03tournage2h\" href=\"http:\/\/aquasapiens.fr\/aqua\/wp-content\/uploads\/2014\/12\/03tournage2h.jpg\" target=\"_self\"><img decoding=\"async\" width=\"320\" height=\"202\" src=\"http:\/\/aquasapiens.fr\/aqua\/wp-content\/uploads\/2014\/12\/03tournage2h-320x202.jpg\" class=\"attachment-blog-medium size-blog-medium\" alt=\"\" \/><\/a><\/div><\/div><\/div><div class=\"swiper-slide\"><div class=\"fusion-carousel-item-wrapper\"><div class=\"fusion-image-wrapper hover-type-none\"><a data-rel=\"iLightbox[image_carousel_1]\" data-title=\"04plataxh\" aria-label=\"04plataxh\" href=\"http:\/\/aquasapiens.fr\/aqua\/wp-content\/uploads\/2014\/12\/04plataxh.jpg\" target=\"_self\"><img decoding=\"async\" width=\"320\" height=\"202\" src=\"http:\/\/aquasapiens.fr\/aqua\/wp-content\/uploads\/2014\/12\/04plataxh-320x202.jpg\" class=\"attachment-blog-medium size-blog-medium\" alt=\"\" \/><\/a><\/div><\/div><\/div><div class=\"swiper-slide\"><div class=\"fusion-carousel-item-wrapper\"><div class=\"fusion-image-wrapper hover-type-none\"><a data-rel=\"iLightbox[image_carousel_1]\" data-title=\"05tortueayauh\" aria-label=\"05tortueayauh\" href=\"http:\/\/aquasapiens.fr\/aqua\/wp-content\/uploads\/2014\/12\/05tortueayauh.jpg\" target=\"_self\"><img decoding=\"async\" width=\"320\" height=\"202\" src=\"http:\/\/aquasapiens.fr\/aqua\/wp-content\/uploads\/2014\/12\/05tortueayauh-320x202.jpg\" class=\"attachment-blog-medium size-blog-medium\" alt=\"\" \/><\/a><\/div><\/div><\/div><div class=\"swiper-slide\"><div class=\"fusion-carousel-item-wrapper\"><div class=\"fusion-image-wrapper hover-type-none\"><a data-rel=\"iLightbox[image_carousel_1]\" data-title=\"06pecheurayauh\" aria-label=\"06pecheurayauh\" href=\"http:\/\/aquasapiens.fr\/aqua\/wp-content\/uploads\/2014\/12\/06pecheurayauh.jpg\" target=\"_self\"><img decoding=\"async\" width=\"320\" height=\"202\" src=\"http:\/\/aquasapiens.fr\/aqua\/wp-content\/uploads\/2014\/12\/06pecheurayauh-320x202.jpg\" class=\"attachment-blog-medium size-blog-medium\" alt=\"\" \/><\/a><\/div><\/div><\/div><div class=\"swiper-slide\"><div class=\"fusion-carousel-item-wrapper\"><div class=\"fusion-image-wrapper hover-type-none\"><a data-rel=\"iLightbox[image_carousel_1]\" data-title=\"coupeurdeboish\" aria-label=\"coupeurdeboish\" href=\"http:\/\/aquasapiens.fr\/aqua\/wp-content\/uploads\/2014\/12\/coupeurdeboish.jpg\" target=\"_self\"><img decoding=\"async\" width=\"320\" height=\"202\" src=\"http:\/\/aquasapiens.fr\/aqua\/wp-content\/uploads\/2014\/12\/coupeurdeboish-320x202.jpg\" class=\"attachment-blog-medium size-blog-medium\" alt=\"\" \/><\/a><\/div><\/div><\/div><div class=\"swiper-slide\"><div class=\"fusion-carousel-item-wrapper\"><div class=\"fusion-image-wrapper hover-type-none\"><a data-rel=\"iLightbox[image_carousel_1]\" data-title=\"enfantsayauh\" aria-label=\"enfantsayauh\" href=\"http:\/\/aquasapiens.fr\/aqua\/wp-content\/uploads\/2014\/12\/enfantsayauh.jpg\" target=\"_self\"><img decoding=\"async\" width=\"320\" height=\"202\" src=\"http:\/\/aquasapiens.fr\/aqua\/wp-content\/uploads\/2014\/12\/enfantsayauh-320x202.jpg\" class=\"attachment-blog-medium size-blog-medium\" alt=\"\" \/><\/a><\/div><\/div><\/div><div class=\"swiper-slide\"><div class=\"fusion-carousel-item-wrapper\"><div class=\"fusion-image-wrapper hover-type-none\"><a data-rel=\"iLightbox[image_carousel_1]\" data-title=\"tournageh\" aria-label=\"tournageh\" href=\"http:\/\/aquasapiens.fr\/aqua\/wp-content\/uploads\/2014\/12\/tournageh.jpg\" target=\"_self\"><img decoding=\"async\" width=\"320\" height=\"202\" src=\"http:\/\/aquasapiens.fr\/aqua\/wp-content\/uploads\/2014\/12\/tournageh-320x202.jpg\" class=\"attachment-blog-medium size-blog-medium\" alt=\"\" \/><\/a><\/div><\/div><\/div><div class=\"swiper-slide\"><div class=\"fusion-carousel-item-wrapper\"><div class=\"fusion-image-wrapper hover-type-none\"><a data-rel=\"iLightbox[image_carousel_1]\" data-title=\"projectionh\" aria-label=\"projectionh\" href=\"http:\/\/aquasapiens.fr\/aqua\/wp-content\/uploads\/2014\/12\/projectionh.jpg\" target=\"_self\"><img decoding=\"async\" width=\"320\" height=\"202\" src=\"http:\/\/aquasapiens.fr\/aqua\/wp-content\/uploads\/2014\/12\/projectionh-320x202.jpg\" class=\"attachment-blog-medium size-blog-medium\" alt=\"\" \/><\/a><\/div><\/div><\/div><div class=\"swiper-slide\"><div class=\"fusion-carousel-item-wrapper\"><div class=\"fusion-image-wrapper hover-type-none\"><a data-rel=\"iLightbox[image_carousel_1]\" data-title=\"zvisioconferenceh\" aria-label=\"zvisioconferenceh\" href=\"http:\/\/aquasapiens.fr\/aqua\/wp-content\/uploads\/2014\/12\/zvisioconferenceh.jpg\" target=\"_self\"><img decoding=\"async\" width=\"320\" height=\"202\" src=\"http:\/\/aquasapiens.fr\/aqua\/wp-content\/uploads\/2014\/12\/zvisioconferenceh-320x202.jpg\" class=\"attachment-blog-medium size-blog-medium\" alt=\"\" \/><\/a><\/div><\/div><\/div><\/div><div class=\"awb-swiper-button awb-swiper-button-prev\"><i class=\"awb-icon-angle-left\" aria-hidden=\"true\"><\/i><\/div><div class=\"awb-swiper-button awb-swiper-button-next\"><i class=\"awb-icon-angle-right\" aria-hidden=\"true\"><\/i><\/div><\/div><\/div><div class=\"fusion-clearfix\"><\/div><\/div><\/div><\/div><\/div><div class=\"fusion-fullwidth fullwidth-box fusion-builder-row-2 nonhundred-percent-fullwidth non-hundred-percent-height-scrolling fusion-equal-height-columns\" style=\"--awb-background-position:left top;--awb-border-radius-top-left:0px;--awb-border-radius-top-right:0px;--awb-border-radius-bottom-right:0px;--awb-border-radius-bottom-left:0px;--awb-padding-top:20px;--awb-padding-bottom:20px;--awb-border-sizes-top:0px;--awb-border-sizes-bottom:0px;--awb-flex-wrap:wrap;\" ><div class=\"fusion-builder-row fusion-row\"><div class=\"fusion-layout-column fusion_builder_column fusion-builder-column-7 fusion_builder_column_1_1 1_1 fusion-one-full fusion-column-first fusion-column-last fusion-column-no-min-height\" style=\"--awb-bg-size:cover;--awb-margin-bottom:0px;\"><div class=\"fusion-column-wrapper fusion-flex-column-wrapper-legacy\"><div class=\"fusion-video fusion-vimeo\" style=\"--awb-max-width:800px;--awb-max-height:450px;\"><div class=\"video-shortcode\"><div class=\"fluid-width-video-wrapper\" style=\"padding-top:56.25%;\" ><iframe title=\"Vimeo video player 3\" src=\"https:\/\/player.vimeo.com\/video\/145893169?autoplay=0&autopause=0\" width=\"800\" height=\"450\" allowfullscreen allow=\"autoplay; fullscreen\"><\/iframe><\/div><\/div><\/div><div class=\"fusion-clearfix\"><\/div><\/div><\/div><\/div><\/div><\/p>\n","protected":false},"excerpt":{"rendered":"","protected":false},"author":1,"featured_media":0,"parent":0,"menu_order":0,"comment_status":"closed","ping_status":"open","template":"","meta":{"footnotes":""},"class_list":["post-11264","page","type-page","status-publish","hentry"],"_links":{"self":[{"href":"http:\/\/aquasapiens.fr\/aqua\/wp-json\/wp\/v2\/pages\/11264","targetHints":{"allow":["GET"]}}],"collection":[{"href":"http:\/\/aquasapiens.fr\/aqua\/wp-json\/wp\/v2\/pages"}],"about":[{"href":"http:\/\/aquasapiens.fr\/aqua\/wp-json\/wp\/v2\/types\/page"}],"author":[{"embeddable":true,"href":"http:\/\/aquasapiens.fr\/aqua\/wp-json\/wp\/v2\/users\/1"}],"replies":[{"embeddable":true,"href":"http:\/\/aquasapiens.fr\/aqua\/wp-json\/wp\/v2\/comments?post=11264"}],"version-history":[{"count":32,"href":"http:\/\/aquasapiens.fr\/aqua\/wp-json\/wp\/v2\/pages\/11264\/revisions"}],"predecessor-version":[{"id":11736,"href":"http:\/\/aquasapiens.fr\/aqua\/wp-json\/wp\/v2\/pages\/11264\/revisions\/11736"}],"wp:attachment":[{"href":"http:\/\/aquasapiens.fr\/aqua\/wp-json\/wp\/v2\/media?parent=11264"}],"curies":[{"name":"wp","href":"https:\/\/api.w.org\/{rel}","templated":true}]}}