{"id":12209,"date":"2019-03-01T11:53:20","date_gmt":"2019-03-01T10:53:20","guid":{"rendered":"http:\/\/aquasapiens.fr\/aqua\/?page_id=12209"},"modified":"2024-05-21T22:36:07","modified_gmt":"2024-05-21T21:36:07","slug":"vision","status":"publish","type":"page","link":"https:\/\/aquasapiens.fr\/aqua\/vision\/","title":{"rendered":"VISION"},"content":{"rendered":"<p><div class=\"fusion-fullwidth fullwidth-box fusion-builder-row-1 fusion-flex-container has-pattern-background has-mask-background nonhundred-percent-fullwidth non-hundred-percent-height-scrolling\" style=\"--awb-border-radius-top-left:0px;--awb-border-radius-top-right:0px;--awb-border-radius-bottom-right:0px;--awb-border-radius-bottom-left:0px;--awb-flex-wrap:wrap;\" ><div class=\"fusion-builder-row fusion-row fusion-flex-align-items-flex-start fusion-flex-content-wrap\" style=\"max-width:1664px;margin-left: calc(-4% \/ 2 );margin-right: calc(-4% \/ 2 );\"><div class=\"fusion-layout-column fusion_builder_column fusion-builder-column-0 fusion_builder_column_1_1 1_1 fusion-flex-column\" style=\"--awb-bg-size:cover;--awb-width-large:100%;--awb-margin-top-large:0px;--awb-spacing-right-large:0px;--awb-margin-bottom-large:4px;--awb-spacing-left-large:0px;--awb-width-medium:100%;--awb-order-medium:0;--awb-spacing-right-medium:1.92%;--awb-spacing-left-medium:1.92%;--awb-width-small:100%;--awb-order-small:0;--awb-spacing-right-small:1.92%;--awb-spacing-left-small:1.92%;\"><div class=\"fusion-column-wrapper fusion-column-has-shadow fusion-flex-justify-content-flex-start fusion-content-layout-column\">\t\t\t\t\t<div class=\"fusion-slider-container fusion-slider-sc-bande-video fusion-slider-141 full-width-slider\" style=\"height:400px; max-width:100%;\" data-id=\"141\" data-full_height=\"1\">\n\t\t\t\t\t\t<style type=\"text\/css\">.fusion-slider-141 .flex-direction-nav a {width:63px;height:63px;line-height:63px;font-size:25px;}<\/style>\t\t\t\t\t\t<div class=\"fusion-slider-loading\">Chargement\u2026<\/div>\n\t\t\t\t\t\t<div class=\"tfs-slider flexslider main-flex full-width-slider\" data-slider_width=\"100%\" data-slider_height=\"400px\" data-full_screen=\"0\" data-parallax=\"0\" data-nav_arrows=\"0\" data-nav_arrow_size=\"25px\" data-nav_box_width=\"63px\" data-nav_box_height=\"63px\" data-slideshow_speed=\"7000\" data-loop=\"1\" data-autoplay=\"1\" data-orderby=\"date\" data-order=\"DESC\" data-animation=\"fade\" data-animation_speed=\"600\" data-typo_sensitivity=\"1\" data-typo_factor=\"1.5\" style=\"max-width:100%;\">\n\t\t\t\t\t\t\t<ul class=\"slides\">\n\t\t\t\t\t\t\t\t\t\t\t\t\t\t\t\t\t<li data-mute=\"yes\" data-loop=\"yes\" data-autoplay=\"yes\">\n\t\t\t\t\t\t\t\t\t\t<div class=\"slide-content-container slide-content-center\" style=\"display: none;\">\n\t\t\t\t\t\t\t\t\t\t\t<div class=\"slide-content\" style=\"\">\n\t\t\t\t\t\t\t\t\t\t\t\t\t\t\t\t\t\t\t\t\t\t\t\t\t\t\t\t\t\t\t\t\t\t\t\t\t\t\t\t\t\t\t\t\t\t\t<\/div>\n\t\t\t\t\t\t\t\t\t\t<\/div>\n\t\t\t\t\t\t\t\t\t\t\t\t\t\t\t\t\t\t\t\t\t\t\t\t\t\t\t\t\t\t\t\t\t\t\t\t\t\t\t\t<div class=\"background \" style=\"max-width:100%;height:400px;filter: progid:DXImageTransform.Microsoft.AlphaImageLoader(src='', sizingMethod='scale');\" data-imgwidth=\"\">\n\t\t\t\t\t\t\t\t\t\t\t\t\t\t\t\t\t\t\t\t\t\t\t\t\t\t\t\t\t\t\t\t\t\t\t\t\t\t\t\t\t\t\t\t\t\t\t\t\t\t\t\t\t\t\t\t\t\t\t\t\t\t\t\t\t\t\t\t<div style=\"position: absolute; top: 0; left: 0; z-index: -99; width: 100%; height: 100%\" data-mute=\"yes\" data-vimeo-video-id=\"799870600\" data-video-aspect-ratio=\"16:9\">\n\t\t\t\t\t\t\t\t\t\t\t\t\t<iframe src=\"https:\/\/player.vimeo.com\/video\/799870600?title=0&amp;byline=0&amp;portrait=0&amp;color=ffffff&amp;badge=0&amp;title=0&amp;autoplay=1&amp;muted=1&amp;loop=1\" height=\"100%\" width=\"100%\" webkitallowfullscreen mozallowfullscreen allowfullscreen data-fusion-no-placeholder><\/iframe>\n\t\t\t\t\t\t\t\t\t\t\t\t<\/div>\n\t\t\t\t\t\t\t\t\t\t\t\t\t\t\t\t\t\t\t\t\t<\/div>\n\t\t\t\t\t\t\t\t\t<\/li>\n\t\t\t\t\t\t\t\t\t\t\t\t\t\t\t\t\t\t\t\t\t\t\t<\/ul>\n\t\t\t\t\t\t<\/div>\n\t\t\t\t\t<\/div>\n\t\t\t\t\t\t\t\t<\/div><\/div><\/div><\/div><div class=\"fusion-fullwidth fullwidth-box fusion-builder-row-2 nonhundred-percent-fullwidth non-hundred-percent-height-scrolling\" style=\"--awb-background-position:left top;--awb-border-sizes-top:0px;--awb-border-sizes-bottom:0px;--awb-border-sizes-left:0px;--awb-border-sizes-right:0px;--awb-border-radius-top-left:0px;--awb-border-radius-top-right:0px;--awb-border-radius-bottom-right:0px;--awb-border-radius-bottom-left:0px;--awb-padding-top:5%;--awb-padding-bottom:6%;--awb-flex-wrap:wrap;\" ><div class=\"fusion-builder-row fusion-row\"><div class=\"fusion-layout-column fusion_builder_column fusion-builder-column-1 fusion_builder_column_1_2 1_2 fusion-one-half fusion-column-first\" style=\"--awb-bg-size:cover;--awb-margin-top:35px;--awb-margin-bottom:0px;width:48%; margin-right: 4%;\"><div class=\"fusion-column-wrapper fusion-flex-column-wrapper-legacy\"><div class=\"fusion-image-element fusion-image-align-center in-legacy-container\" style=\"text-align:center;--awb-caption-title-font-family:var(--h2_typography-font-family);--awb-caption-title-font-weight:var(--h2_typography-font-weight);--awb-caption-title-font-style:var(--h2_typography-font-style);--awb-caption-title-size:var(--h2_typography-font-size);--awb-caption-title-transform:var(--h2_typography-text-transform);--awb-caption-title-line-height:var(--h2_typography-line-height);--awb-caption-title-letter-spacing:var(--h2_typography-letter-spacing);\"><div class=\"imageframe-align-center\"><span class=\" fusion-imageframe imageframe-none imageframe-1 hover-type-none fusion-animated\" data-animationType=\"fadeInUp\" data-animationDuration=\"0.7\" data-animationOffset=\"top-into-view\"><img decoding=\"async\" width=\"1024\" height=\"565\" title=\"Wayagaccueil2\" src=\"http:\/\/aquasapiens.fr\/aqua\/wp-content\/uploads\/2015\/01\/Wayagaccueil2-1024x565.jpg\" alt class=\"img-responsive wp-image-11388\" srcset=\"https:\/\/aquasapiens.fr\/aqua\/wp-content\/uploads\/2015\/01\/Wayagaccueil2-300x166.jpg 300w, https:\/\/aquasapiens.fr\/aqua\/wp-content\/uploads\/2015\/01\/Wayagaccueil2-1024x565.jpg 1024w, https:\/\/aquasapiens.fr\/aqua\/wp-content\/uploads\/2015\/01\/Wayagaccueil2.jpg 1500w\" sizes=\"(max-width: 1024px) 100vw, 1024px\" \/><\/span><\/div><\/div><div class=\"fusion-clearfix\"><\/div><\/div><\/div><div class=\"fusion-layout-column fusion_builder_column fusion-builder-column-2 fusion_builder_column_1_2 1_2 fusion-one-half fusion-column-last fusion-animated\" style=\"--awb-padding-top:20px;--awb-padding-right:20px;--awb-padding-bottom:20px;--awb-padding-left:20px;--awb-bg-size:cover;--awb-margin-top:20px;width:48%;\" data-animationType=\"fadeInUp\" data-animationDuration=\"0.7\" data-animationOffset=\"top-into-view\"><div class=\"fusion-column-wrapper fusion-flex-column-wrapper-legacy\"><div class=\"fusion-image-element fusion-image-align-center in-legacy-container\" style=\"text-align:center;--awb-max-width:90px;--awb-caption-title-font-family:var(--h2_typography-font-family);--awb-caption-title-font-weight:var(--h2_typography-font-weight);--awb-caption-title-font-style:var(--h2_typography-font-style);--awb-caption-title-size:var(--h2_typography-font-size);--awb-caption-title-transform:var(--h2_typography-text-transform);--awb-caption-title-line-height:var(--h2_typography-line-height);--awb-caption-title-letter-spacing:var(--h2_typography-letter-spacing);\"><div class=\"imageframe-align-center\"><span class=\" fusion-imageframe imageframe-none imageframe-2 hover-type-none\"><img decoding=\"async\" width=\"250\" height=\"177\" title=\"360-video-sapiens-vision\" src=\"http:\/\/aquasapiens.fr\/aqua\/wp-content\/uploads\/2019\/03\/360-video.jpg\" alt class=\"img-responsive wp-image-12254\" srcset=\"https:\/\/aquasapiens.fr\/aqua\/wp-content\/uploads\/2019\/03\/360-video-200x142.jpg 200w, https:\/\/aquasapiens.fr\/aqua\/wp-content\/uploads\/2019\/03\/360-video.jpg 250w\" sizes=\"(max-width: 800px) 100vw, 250px\" \/><\/span><\/div><\/div><div class=\"fusion-text fusion-text-1\"><h1>L&rsquo;immersivit\u00e9 au service du r\u00e9cit<\/h1>\n<\/div><div class=\"fusion-text fusion-text-2\"><p>Avec Sapiens Vision, nous proposons une expertise de m\u00e9diation immersive. Nous cr\u00e9ons des films en cin\u00e9ma immersif \u00a0pour des projections sur Fulldome \u00e0 360\u00b0, \u00a0Casque VR ou Caves. Nous d\u00e9veloppons des technologies de prises de vue immersives adapt\u00e9es aux milieux naturels, au monde sous-marin en particulier. Nous proposons ce contenu dans les domaines de la mus\u00e9ographie, de la communication d&rsquo;entreprise ou du handicap.<\/p>\n<\/div><div class=\"fusion-clearfix\"><\/div><\/div><\/div><div class=\"fusion-layout-column fusion_builder_column fusion-builder-column-3 fusion_builder_column_1_1 1_1 fusion-one-full fusion-column-first fusion-column-last fusion-column-no-min-height\" style=\"--awb-bg-size:cover;--awb-margin-bottom:0px;\"><div class=\"fusion-column-wrapper fusion-flex-column-wrapper-legacy\"><div class=\"fusion-sep-clear\"><\/div><div class=\"fusion-separator fusion-full-width-sep\" style=\"margin-left: auto;margin-right: auto;margin-top:50px;margin-bottom:20px;width:100%;\"><\/div><div class=\"fusion-sep-clear\"><\/div><div class=\"fusion-clearfix\"><\/div><\/div><\/div><div class=\"fusion-layout-column fusion_builder_column fusion-builder-column-4 fusion_builder_column_1_1 1_1 fusion-one-full fusion-column-first fusion-column-last fusion-column-no-min-height\" style=\"--awb-bg-size:cover;--awb-margin-bottom:0px;\"><div class=\"fusion-column-wrapper fusion-flex-column-wrapper-legacy\"><div class=\"fusion-content-boxes content-boxes columns row fusion-columns-3 fusion-columns-total-3 fusion-content-boxes-1 content-boxes-icon-on-side content-left fusion-delayed-animation\" style=\"--awb-margin-bottom:2%;--awb-hover-accent-color:#1a80b6;--awb-circle-hover-accent-color:#1a80b6;\" data-animation-delay=\"350\" data-animationOffset=\"top-into-view\"><div style=\"--awb-backgroundcolor:transparent;--awb-content-padding-left:78px;\" class=\"fusion-column content-box-column content-box-column content-box-column-1 col-lg-4 col-md-4 col-sm-4 fusion-content-box-hover content-box-column-first-in-row\"><div class=\"col content-box-wrapper content-wrapper link-area-link-icon icon-hover-animation-fade fusion-animated\" data-animationType=\"fadeInLeft\" data-animationDuration=\"0.7\" data-animationOffset=\"top-into-view\"><div class=\"heading heading-with-icon icon-left\"><div class=\"icon\" style=\"-webkit-animation-duration: 350ms;animation-duration: 350ms;\"><i style=\"border-color:#333333;border-width:1px;background-color:#333333;box-sizing:content-box;height:56px;width:56px;line-height:56px;border-radius:50%;font-size:28px;\" aria-hidden=\"true\" class=\"fontawesome-icon fa-video fas circle-yes\"><\/i><\/div><h2 class=\"content-box-heading\" style=\"--h2_typography-font-size:28px;line-height:33px;padding-left:78px;\">INNOVATION<\/h2><\/div><div class=\"fusion-clearfix\"><\/div><div class=\"content-container\">\n<h4>D\u00e9veloppement de technologies de prises de vues<\/h4>\n<p>Nous avons d\u00e9velopp\u00e9 un syst\u00e8me de prise de vue immersive terrestre et sous-marin qui nous offre la possibilit\u00e9 de fournir des images VR dans toutes les conditions de tournage. L&rsquo;enjeu est de proposer autre chose que les classiques rig multi-cam\u00e9ra 360\u00b0 pos\u00e9s sur un tr\u00e9pied ou au bout d&rsquo;une perche de plong\u00e9e. Notre envie est de pouvoir s&rsquo;immerger dans l&rsquo;image sans jamais perdre de vue l&rsquo;essentiel : le r\u00e9cit.<\/p>\n<\/div><\/div><\/div><div style=\"--awb-backgroundcolor:transparent;--awb-content-padding-left:78px;\" class=\"fusion-column content-box-column content-box-column content-box-column-2 col-lg-4 col-md-4 col-sm-4 fusion-content-box-hover \"><div class=\"col content-box-wrapper content-wrapper link-area-link-icon icon-hover-animation-fade fusion-animated\" data-animationType=\"fadeInLeft\" data-animationDuration=\"0.7\" data-animationOffset=\"top-into-view\"><div class=\"heading heading-with-icon icon-left\"><div class=\"icon\" style=\"-webkit-animation-duration: 350ms;animation-duration: 350ms;\"><i style=\"border-color:#333333;border-width:1px;background-color:#333333;box-sizing:content-box;height:56px;width:56px;line-height:56px;border-radius:50%;font-size:28px;\" aria-hidden=\"true\" class=\"fontawesome-icon fa-globe fas circle-yes\"><\/i><\/div><h2 class=\"content-box-heading\" style=\"--h2_typography-font-size:28px;line-height:33px;padding-left:78px;\">PRODUCTION<\/h2><\/div><div class=\"fusion-clearfix\"><\/div><div class=\"content-container\">\n<h4>Production de films immersifs<\/h4>\n<p>De l&rsquo;\u00e9criture \u00e0 la post-production finale, nous produisons des films immersifs qui parlent de notre environnement naturel. Sous l&rsquo;eau, cette immersion prend tout son sens et permet de toucher l&#8217;emotion du spectateur. Fort de notre exp\u00e9rience dans le documentaire de t\u00e9l\u00e9vision, la technologie reste au service de la narration et du projet de sensibilisation. Ces films sont ensuite diffus\u00e9s sur diff\u00e9rents supports immersifs comme les d\u00f4me ou les installations multi-projecteurs.<\/p>\n<\/div><\/div><\/div><div style=\"--awb-backgroundcolor:transparent;--awb-content-padding-left:78px;\" class=\"fusion-column content-box-column content-box-column content-box-column-3 col-lg-4 col-md-4 col-sm-4 fusion-content-box-hover content-box-column-last content-box-column-last-in-row\"><div class=\"col content-box-wrapper content-wrapper link-area-link-icon icon-hover-animation-fade fusion-animated\" data-animationType=\"fadeInLeft\" data-animationDuration=\"0.7\" data-animationOffset=\"top-into-view\"><div class=\"heading heading-with-icon icon-left\"><div class=\"icon\" style=\"-webkit-animation-duration: 350ms;animation-duration: 350ms;\"><i style=\"border-color:#333333;border-width:1px;background-color:#333333;box-sizing:content-box;height:56px;width:56px;line-height:56px;border-radius:50%;font-size:28px;\" aria-hidden=\"true\" class=\"fontawesome-icon fa-broadcast-tower fas circle-yes\"><\/i><\/div><h2 class=\"content-box-heading\" style=\"--h2_typography-font-size:28px;line-height:33px;padding-left:78px;\">SUPERVISION<\/h2><\/div><div class=\"fusion-clearfix\"><\/div><div class=\"content-container\">\n<h4>Conseils en technologies de diffusion<\/h4>\n<p>Nous fournissons des solutions de diffusions immersives adapt\u00e9es \u00e0 chaque besoin (Casque VR, Mapping, Cave, Fulldome) et proposons notre savoir faire pour l&rsquo;installation d&rsquo;infrastructures mus\u00e9ographiques. Nous attachons une importance premi\u00e8re \u00e0 l&rsquo;exp\u00e9rience collective qui doit pouvoir se partager et ne pas se limiter aux casques VR.<\/p>\n<\/div><\/div><\/div><div class=\"fusion-clearfix\"><\/div><\/div><div class=\"fusion-clearfix\"><\/div><\/div><\/div><\/div><\/div><div class=\"fusion-fullwidth fullwidth-box fusion-builder-row-3 fusion-flex-container has-pattern-background has-mask-background nonhundred-percent-fullwidth non-hundred-percent-height-scrolling\" style=\"--awb-border-radius-top-left:0px;--awb-border-radius-top-right:0px;--awb-border-radius-bottom-right:0px;--awb-border-radius-bottom-left:0px;--awb-flex-wrap:wrap;\" ><div class=\"fusion-builder-row fusion-row fusion-flex-align-items-flex-start fusion-flex-content-wrap\" style=\"max-width:1664px;margin-left: calc(-4% \/ 2 );margin-right: calc(-4% \/ 2 );\"><\/div><\/div><div class=\"fusion-fullwidth fullwidth-box fusion-builder-row-4 fusion-flex-container has-pattern-background has-mask-background nonhundred-percent-fullwidth non-hundred-percent-height-scrolling\" style=\"--awb-border-radius-top-left:0px;--awb-border-radius-top-right:0px;--awb-border-radius-bottom-right:0px;--awb-border-radius-bottom-left:0px;--awb-flex-wrap:wrap;\" ><div class=\"fusion-builder-row fusion-row fusion-flex-align-items-flex-start fusion-flex-content-wrap\" style=\"max-width:1664px;margin-left: calc(-4% \/ 2 );margin-right: calc(-4% \/ 2 );\"><div class=\"fusion-layout-column fusion_builder_column fusion-builder-column-5 fusion_builder_column_1_1 1_1 fusion-flex-column\" style=\"--awb-bg-size:cover;--awb-width-large:100%;--awb-margin-top-large:0px;--awb-spacing-right-large:1.92%;--awb-margin-bottom-large:20px;--awb-spacing-left-large:1.92%;--awb-width-medium:100%;--awb-order-medium:0;--awb-spacing-right-medium:1.92%;--awb-spacing-left-medium:1.92%;--awb-width-small:100%;--awb-order-small:0;--awb-spacing-right-small:1.92%;--awb-spacing-left-small:1.92%;\"><div class=\"fusion-column-wrapper fusion-column-has-shadow fusion-flex-justify-content-flex-start fusion-content-layout-column\"><div class=\"fusion-recent-posts fusion-recent-posts-1 avada-container layout-default layout-columns-4\"><section class=\"fusion-columns columns fusion-columns-4 columns-4\"><article class=\"post fusion-column column col col-lg-3 col-md-3 col-sm-3\"><div class=\"fusion-flexslider fusion-flexslider-loading flexslider flexslider-hover-type-zoomin\"><ul class=\"slides\"><li><a href=\"https:\/\/aquasapiens.fr\/aqua\/production-de-deux-films-immersifs-pour-le-pnm-du-bassin-darcachon\/\" aria-label=\"Production de deux films 360\u00b0 pour le PNM du Bassin d&rsquo;Arcachon\" class=\"hover-type-zoomin\"><img decoding=\"async\" width=\"700\" height=\"441\" src=\"https:\/\/aquasapiens.fr\/aqua\/wp-content\/uploads\/2022\/11\/Seiche1-scaled-e1669299138868-700x441.jpg\" class=\"attachment-recent-posts size-recent-posts\" alt=\"\" srcset=\"https:\/\/aquasapiens.fr\/aqua\/wp-content\/uploads\/2022\/11\/Seiche1-scaled-e1669299138868-320x202.jpg 320w, https:\/\/aquasapiens.fr\/aqua\/wp-content\/uploads\/2022\/11\/Seiche1-scaled-e1669299138868-700x441.jpg 700w\" sizes=\"(max-width: 700px) 100vw, 700px\" \/><\/a><\/li><\/ul><\/div><div class=\"recent-posts-content\"><span class=\"vcard\" style=\"display: none;\"><span class=\"fn\"><a href=\"https:\/\/aquasapiens.fr\/aqua\/author\/aqua1\/\" title=\"Articles par Aqua1\" rel=\"author\">Aqua1<\/a><\/span><\/span><span class=\"updated\" style=\"display:none;\">2022-11-24T18:57:07+01:00<\/span><h4 class=\"entry-title\"><a href=\"https:\/\/aquasapiens.fr\/aqua\/production-de-deux-films-immersifs-pour-le-pnm-du-bassin-darcachon\/\">Production de deux films 360\u00b0 pour le PNM du Bassin d&rsquo;Arcachon<\/a><\/h4><\/div><\/article><article class=\"post fusion-column column col col-lg-3 col-md-3 col-sm-3\"><div class=\"fusion-flexslider fusion-flexslider-loading flexslider flexslider-hover-type-zoomin\"><ul class=\"slides\"><li><a href=\"https:\/\/aquasapiens.fr\/aqua\/avant-premiere-a-oceanopolis\/\" aria-label=\"Avant premi\u00e8re \u00e0 Oc\u00e9anopolis\" class=\"hover-type-zoomin\"><img decoding=\"async\" width=\"700\" height=\"441\" src=\"https:\/\/aquasapiens.fr\/aqua\/wp-content\/uploads\/2020\/10\/Pontonnuit1-700x441.jpg\" class=\"attachment-recent-posts size-recent-posts\" alt=\"\" srcset=\"https:\/\/aquasapiens.fr\/aqua\/wp-content\/uploads\/2020\/10\/Pontonnuit1-320x202.jpg 320w, https:\/\/aquasapiens.fr\/aqua\/wp-content\/uploads\/2020\/10\/Pontonnuit1-700x441.jpg 700w\" sizes=\"(max-width: 700px) 100vw, 700px\" \/><\/a><\/li><\/ul><\/div><div class=\"recent-posts-content\"><span class=\"vcard\" style=\"display: none;\"><span class=\"fn\"><a href=\"https:\/\/aquasapiens.fr\/aqua\/author\/aqua1\/\" title=\"Articles par Aqua1\" rel=\"author\">Aqua1<\/a><\/span><\/span><span class=\"updated\" style=\"display:none;\">2022-11-24T18:57:07+01:00<\/span><h4 class=\"entry-title\"><a href=\"https:\/\/aquasapiens.fr\/aqua\/avant-premiere-a-oceanopolis\/\">Avant premi\u00e8re \u00e0 Oc\u00e9anopolis<\/a><\/h4><\/div><\/article><article class=\"post fusion-column column col col-lg-3 col-md-3 col-sm-3\"><div class=\"fusion-flexslider fusion-flexslider-loading flexslider flexslider-hover-type-zoomin\"><ul class=\"slides\"><li><a href=\"https:\/\/aquasapiens.fr\/aqua\/un-cave-immersif-au-sitem\/\" aria-label=\"Un cave immersif au Sitem\" class=\"hover-type-zoomin\"><img decoding=\"async\" width=\"700\" height=\"441\" src=\"https:\/\/aquasapiens.fr\/aqua\/wp-content\/uploads\/2020\/03\/IMG_2595-2-scaled-e1583267443661-700x441.jpg\" class=\"attachment-recent-posts size-recent-posts\" alt=\"\" srcset=\"https:\/\/aquasapiens.fr\/aqua\/wp-content\/uploads\/2020\/03\/IMG_2595-2-scaled-e1583267443661-320x202.jpg 320w, https:\/\/aquasapiens.fr\/aqua\/wp-content\/uploads\/2020\/03\/IMG_2595-2-scaled-e1583267443661-700x441.jpg 700w\" sizes=\"(max-width: 700px) 100vw, 700px\" \/><\/a><\/li><\/ul><\/div><div class=\"recent-posts-content\"><span class=\"vcard\" style=\"display: none;\"><span class=\"fn\"><a href=\"https:\/\/aquasapiens.fr\/aqua\/author\/aqua1\/\" title=\"Articles par Aqua1\" rel=\"author\">Aqua1<\/a><\/span><\/span><span class=\"updated\" style=\"display:none;\">2022-11-24T18:57:07+01:00<\/span><h4 class=\"entry-title\"><a href=\"https:\/\/aquasapiens.fr\/aqua\/un-cave-immersif-au-sitem\/\">Un cave immersif au Sitem<\/a><\/h4><\/div><\/article><article class=\"post fusion-column column col col-lg-3 col-md-3 col-sm-3\"><div class=\"fusion-flexslider fusion-flexslider-loading flexslider flexslider-hover-type-zoomin\"><ul class=\"slides\"><li><a href=\"https:\/\/aquasapiens.fr\/aqua\/tournages-sous-marins-pour-le-futur-pole-dexcellence-maritime-70-8\/\" aria-label=\"Tournages sous-marins pour le futur P\u00f4le d&rsquo;Excellence Maritime 70.8\" class=\"hover-type-zoomin\"><img decoding=\"async\" width=\"700\" height=\"441\" src=\"https:\/\/aquasapiens.fr\/aqua\/wp-content\/uploads\/2020\/03\/vlcsnap-2019-11-04-12h37m11s477-700x441.png\" class=\"attachment-recent-posts size-recent-posts\" alt=\"\" srcset=\"https:\/\/aquasapiens.fr\/aqua\/wp-content\/uploads\/2020\/03\/vlcsnap-2019-11-04-12h37m11s477-320x202.png 320w, https:\/\/aquasapiens.fr\/aqua\/wp-content\/uploads\/2020\/03\/vlcsnap-2019-11-04-12h37m11s477-700x441.png 700w\" sizes=\"(max-width: 700px) 100vw, 700px\" \/><\/a><\/li><\/ul><\/div><div class=\"recent-posts-content\"><span class=\"vcard\" style=\"display: none;\"><span class=\"fn\"><a href=\"https:\/\/aquasapiens.fr\/aqua\/author\/aqua1\/\" title=\"Articles par Aqua1\" rel=\"author\">Aqua1<\/a><\/span><\/span><span class=\"updated\" style=\"display:none;\">2022-11-24T18:57:07+01:00<\/span><h4 class=\"entry-title\"><a href=\"https:\/\/aquasapiens.fr\/aqua\/tournages-sous-marins-pour-le-futur-pole-dexcellence-maritime-70-8\/\">Tournages sous-marins pour le futur P\u00f4le d&rsquo;Excellence Maritime 70.8<\/a><\/h4><\/div><\/article><\/section><\/div><\/div><\/div><\/div><\/div><\/p>\n","protected":false},"excerpt":{"rendered":"","protected":false},"author":1,"featured_media":0,"parent":0,"menu_order":0,"comment_status":"closed","ping_status":"closed","template":"100-width.php","meta":{"footnotes":""},"class_list":["post-12209","page","type-page","status-publish","hentry"],"_links":{"self":[{"href":"https:\/\/aquasapiens.fr\/aqua\/wp-json\/wp\/v2\/pages\/12209","targetHints":{"allow":["GET"]}}],"collection":[{"href":"https:\/\/aquasapiens.fr\/aqua\/wp-json\/wp\/v2\/pages"}],"about":[{"href":"https:\/\/aquasapiens.fr\/aqua\/wp-json\/wp\/v2\/types\/page"}],"author":[{"embeddable":true,"href":"https:\/\/aquasapiens.fr\/aqua\/wp-json\/wp\/v2\/users\/1"}],"replies":[{"embeddable":true,"href":"https:\/\/aquasapiens.fr\/aqua\/wp-json\/wp\/v2\/comments?post=12209"}],"version-history":[{"count":51,"href":"https:\/\/aquasapiens.fr\/aqua\/wp-json\/wp\/v2\/pages\/12209\/revisions"}],"predecessor-version":[{"id":12520,"href":"https:\/\/aquasapiens.fr\/aqua\/wp-json\/wp\/v2\/pages\/12209\/revisions\/12520"}],"wp:attachment":[{"href":"https:\/\/aquasapiens.fr\/aqua\/wp-json\/wp\/v2\/media?parent=12209"}],"curies":[{"name":"wp","href":"https:\/\/api.w.org\/{rel}","templated":true}]}}